{"id":5495,"date":"2025-02-18T16:29:23","date_gmt":"2025-02-18T22:29:23","guid":{"rendered":"https:\/\/hivenapoles.com\/?page_id=5495"},"modified":"2025-09-05T10:59:22","modified_gmt":"2025-09-05T16:59:22","slug":"hive-wtc-mexico-city-2","status":"publish","type":"page","link":"https:\/\/hivenapoles.com\/en\/hive-wtc-mexico-city-2\/","title":{"rendered":"Gastronomy"},"content":{"rendered":"<style>.elementor-5495 .elementor-element.elementor-element-2785839c{--display:flex;--min-height:405px;--overlay-opacity:0.5;--margin-top:-250px;--margin-bottom:0px;--margin-left:0px;--margin-right:0px;}.elementor-5495 .elementor-element.elementor-element-2785839c:not(.elementor-motion-effects-element-type-background), .elementor-5495 .elementor-element.elementor-element-2785839c > .elementor-motion-effects-container > .elementor-motion-effects-layer{background-color:#D7D7D7;background-image:url(\"https:\/\/hivenapoles.com\/wp-content\/uploads\/2025\/02\/nuevas-8-scaled.jpg\");background-position:center center;}.elementor-5495 .elementor-element.elementor-element-2785839c::before, .elementor-5495 .elementor-element.elementor-element-2785839c > .elementor-background-video-container::before, .elementor-5495 .elementor-element.elementor-element-2785839c > .e-con-inner > .elementor-background-video-container::before, .elementor-5495 .elementor-element.elementor-element-2785839c > .elementor-background-slideshow::before, .elementor-5495 .elementor-element.elementor-element-2785839c > .e-con-inner > .elementor-background-slideshow::before, .elementor-5495 .elementor-element.elementor-element-2785839c > .elementor-motion-effects-container > .elementor-motion-effects-layer::before{background-color:#000000;--background-overlay:'';}.elementor-5495 .elementor-element.elementor-element-5a0997ee{--spacer-size:139px;}.elementor-5495 .elementor-element.elementor-element-3760a6ab{text-align:center;}.elementor-5495 .elementor-element.elementor-element-3760a6ab .elementor-heading-title{font-family:\"Montserrat\", Sans-serif;font-weight:600;color:#FFFFFF;}.elementor-5495 .elementor-element.elementor-element-698ffb41{--spacer-size:50px;}.elementor-5495 .elementor-element.elementor-element-0ded1f4{--display:flex;--flex-direction:row;--container-widget-width:initial;--container-widget-height:100%;--container-widget-flex-grow:1;--container-widget-align-self:stretch;--flex-wrap-mobile:wrap;--gap:0px 0px;--row-gap:0px;--column-gap:0px;}.elementor-5495 .elementor-element.elementor-element-e8a09ca{--display:flex;--flex-direction:column;--container-widget-width:100%;--container-widget-height:initial;--container-widget-flex-grow:0;--container-widget-align-self:initial;--flex-wrap-mobile:wrap;}.elementor-5495 .elementor-element.elementor-element-e8a09ca.e-con{--flex-grow:0;--flex-shrink:0;}.elementor-5495 .elementor-element.elementor-element-3aa2790{width:var( --container-widget-width, 168.501% );max-width:168.501%;--container-widget-width:168.501%;--container-widget-flex-grow:0;text-align:justify;}.elementor-5495 .elementor-element.elementor-element-3aa2790.elementor-element{--flex-grow:0;--flex-shrink:0;}.elementor-5495 .elementor-element.elementor-element-c6625d3{--display:flex;--flex-direction:row;--container-widget-width:initial;--container-widget-height:100%;--container-widget-flex-grow:1;--container-widget-align-self:stretch;--flex-wrap-mobile:wrap;--gap:0px 0px;--row-gap:0px;--column-gap:0px;--margin-top:33px;--margin-bottom:0px;--margin-left:0px;--margin-right:0px;}.elementor-5495 .elementor-element.elementor-element-d5e2bb1{--display:flex;--flex-direction:column;--container-widget-width:100%;--container-widget-height:initial;--container-widget-flex-grow:0;--container-widget-align-self:initial;--flex-wrap-mobile:wrap;}.elementor-5495 .elementor-element.elementor-element-b5f4d4e{text-align:justify;}.elementor-5495 .elementor-element.elementor-element-77b4eed{--display:flex;--flex-direction:column;--container-widget-width:100%;--container-widget-height:initial;--container-widget-flex-grow:0;--container-widget-align-self:initial;--flex-wrap-mobile:wrap;}.elementor-5495 .elementor-element.elementor-element-7817328{--display:flex;--flex-direction:row;--container-widget-width:initial;--container-widget-height:100%;--container-widget-flex-grow:1;--container-widget-align-self:stretch;--flex-wrap-mobile:wrap;--gap:0px 0px;--row-gap:0px;--column-gap:0px;--margin-top:33px;--margin-bottom:0px;--margin-left:0px;--margin-right:0px;}.elementor-5495 .elementor-element.elementor-element-dbf8866{--display:flex;--flex-direction:column;--container-widget-width:100%;--container-widget-height:initial;--container-widget-flex-grow:0;--container-widget-align-self:initial;--flex-wrap-mobile:wrap;}.elementor-5495 .elementor-element.elementor-element-824913b{text-align:justify;}.elementor-5495 .elementor-element.elementor-element-28609e5{--display:flex;--flex-direction:column;--container-widget-width:100%;--container-widget-height:initial;--container-widget-flex-grow:0;--container-widget-align-self:initial;--flex-wrap-mobile:wrap;}@media(min-width:768px){.elementor-5495 .elementor-element.elementor-element-e8a09ca{--width:98.052%;}.elementor-5495 .elementor-element.elementor-element-d5e2bb1{--width:50%;}.elementor-5495 .elementor-element.elementor-element-77b4eed{--width:50%;}.elementor-5495 .elementor-element.elementor-element-dbf8866{--width:50%;}.elementor-5495 .elementor-element.elementor-element-28609e5{--width:50%;}}@media(max-width:767px){.elementor-5495 .elementor-element.elementor-element-2785839c:not(.elementor-motion-effects-element-type-background), .elementor-5495 .elementor-element.elementor-element-2785839c > .elementor-motion-effects-container > .elementor-motion-effects-layer{background-image:url(\"https:\/\/hivenapoles.com\/wp-content\/uploads\/2024\/12\/Terrace-Suite-home.webp\");}.elementor-5495 .elementor-element.elementor-element-5a0997ee{--spacer-size:348px;}.elementor-5495 .elementor-element.elementor-element-1266420{text-align:center;}.elementor-5495 .elementor-element.elementor-element-b5f4d4e{text-align:center;}.elementor-5495 .elementor-element.elementor-element-806ec24{text-align:center;}.elementor-5495 .elementor-element.elementor-element-824913b{text-align:center;}}<\/style>\t\t<div data-elementor-type=\"wp-page\" data-elementor-id=\"5495\" class=\"elementor elementor-5495\" data-elementor-post-type=\"page\">\n\t\t\t\t<div class=\"elementor-element elementor-element-2785839c e-con-full e-flex e-con e-parent\" data-id=\"2785839c\" data-element_type=\"container\" data-settings=\"{&quot;background_background&quot;:&quot;classic&quot;}\">\n\t\t\t\t<div class=\"elementor-element elementor-element-5a0997ee elementor-widget elementor-widget-spacer\" data-id=\"5a0997ee\" data-element_type=\"widget\" data-widget_type=\"spacer.default\">\n\t\t\t\t<div class=\"elementor-widget-container\">\n\t\t\t\t\t\t\t<div class=\"elementor-spacer\">\n\t\t\t<div class=\"elementor-spacer-inner\"><\/div>\n\t\t<\/div>\n\t\t\t\t\t\t<\/div>\n\t\t\t\t<\/div>\n\t\t\t\t<div class=\"elementor-element elementor-element-3760a6ab elementor-widget elementor-widget-heading\" data-id=\"3760a6ab\" data-element_type=\"widget\" data-widget_type=\"heading.default\">\n\t\t\t\t<div class=\"elementor-widget-container\">\n\t\t\t\t\t<h2 class=\"elementor-heading-title elementor-size-default\"><h1 style=\"color:  white\">GASTRONOMY | A place for  <i>enjoy<\/i><\/h1><\/h2>\t\t\t\t<\/div>\n\t\t\t\t<\/div>\n\t\t\t\t<div class=\"elementor-element elementor-element-698ffb41 elementor-widget elementor-widget-spacer\" data-id=\"698ffb41\" data-element_type=\"widget\" data-widget_type=\"spacer.default\">\n\t\t\t\t<div class=\"elementor-widget-container\">\n\t\t\t\t\t\t\t<div class=\"elementor-spacer\">\n\t\t\t<div class=\"elementor-spacer-inner\"><\/div>\n\t\t<\/div>\n\t\t\t\t\t\t<\/div>\n\t\t\t\t<\/div>\n\t\t\t\t<\/div>\n\t\t<div class=\"elementor-element elementor-element-0ded1f4 e-flex e-con-boxed e-con e-parent\" data-id=\"0ded1f4\" data-element_type=\"container\">\n\t\t\t\t\t<div class=\"e-con-inner\">\n\t\t<div class=\"elementor-element elementor-element-e8a09ca e-con-full e-flex e-con e-child\" data-id=\"e8a09ca\" data-element_type=\"container\">\n\t\t\t\t<div class=\"elementor-element elementor-element-3aa2790 elementor-widget__width-initial elementor-widget elementor-widget-text-editor\" data-id=\"3aa2790\" data-element_type=\"widget\" data-widget_type=\"text-editor.default\">\n\t\t\t\t<div class=\"elementor-widget-container\">\n\t\t\t\t\t\t\t\t\t<p class=\"translation-block\"><span style=\"font-weight: 400\">Flavors that tell stories. <strong>Gastronomy at Hive<\/strong> is a journey in itself. Our restaurant combines local ingredients with international touches to offer you an authentic and vibrant culinary experience. Whether you're looking for an energetic breakfast or a sophisticated dinner, we have options for all palates.<\/span><\/p><p class=\"translation-block\">Discover the richness of Mexico City's gastronomy at <strong>HIVE<\/strong>. Our space offers <strong>a unique culinary experience<\/strong>, combining traditional and contemporary flavors. Enjoy authentic dishes <strong>prepared with fresh and local ingredients<\/strong>.<\/p><p style=\"text-align: center;\">Come and live the gastronomic experience that <strong>HIVE N\u00c1POLES MEXICO CITY<\/strong> has to offer.<\/p>\t\t\t\t\t\t\t\t<\/div>\n\t\t\t\t<\/div>\n\t\t\t\t<\/div>\n\t\t\t\t\t<\/div>\n\t\t\t\t<\/div>\n\t\t<div class=\"elementor-element elementor-element-c6625d3 e-flex e-con-boxed e-con e-parent\" data-id=\"c6625d3\" data-element_type=\"container\">\n\t\t\t\t\t<div class=\"e-con-inner\">\n\t\t<div class=\"elementor-element elementor-element-d5e2bb1 e-con-full e-flex e-con e-child\" data-id=\"d5e2bb1\" data-element_type=\"container\">\n\t\t\t\t<div class=\"elementor-element elementor-element-1266420 elementor-widget elementor-widget-heading\" data-id=\"1266420\" data-element_type=\"widget\" data-widget_type=\"heading.default\">\n\t\t\t\t<div class=\"elementor-widget-container\">\n\t\t\t\t\t<h2 class=\"elementor-heading-title elementor-size-default\">ARIELA RESTAURANT<\/h2>\t\t\t\t<\/div>\n\t\t\t\t<\/div>\n\t\t\t\t<div class=\"elementor-element elementor-element-b5f4d4e elementor-widget elementor-widget-text-editor\" data-id=\"b5f4d4e\" data-element_type=\"widget\" data-widget_type=\"text-editor.default\">\n\t\t\t\t<div class=\"elementor-widget-container\">\n\t\t\t\t\t\t\t\t\t<p>Be seduced by the culinary sophistication of <strong>Ariela<\/strong>, the gastronomic heart of <strong>HIVE N\u00e1poles Mexico City<\/strong>. Inspired by <strong>French tradition and enriched with nuances of international cuisine<\/strong>, this restaurant offers a unique experience that elevates the art of dining to a <strong>celebration of the senses.<\/strong><\/p>\n<p><strong>Each dish is a carefully crafted masterpiece<\/strong> , where the highest quality ingredients are combined with exceptional culinary techniques. <strong>From breakfast that awakens your senses to dinners that captivate, Ariela is the perfect setting<\/strong> to enjoy a wealth of gastronomic delights in an intimate and refined atmosphere.<\/p>\n<p class=\"translation-block\"><span style=\"font-weight: 400\">Discover a space where elegance meets <strong>innovation<\/strong>, designed for those looking for much more than a meal: an experience that will leave its mark on your palate. <\/span><b>Welcome to Ariela, where every bite is a statement of good taste.<\/b><\/p>\t\t\t\t\t\t\t\t<\/div>\n\t\t\t\t<\/div>\n\t\t\t\t<\/div>\n\t\t<div class=\"elementor-element elementor-element-77b4eed e-con-full e-flex e-con e-child\" data-id=\"77b4eed\" data-element_type=\"container\">\n\t\t\t\t<div class=\"elementor-element elementor-element-cc10b04 elementor-widget elementor-widget-image\" data-id=\"cc10b04\" data-element_type=\"widget\" data-widget_type=\"image.default\">\n\t\t\t\t<div class=\"elementor-widget-container\">\n\t\t\t\t\t\t\t\t\t\t\t\t\t\t\t<img fetchpriority=\"high\" decoding=\"async\" width=\"900\" height=\"900\" src=\"https:\/\/hivenapoles.com\/wp-content\/uploads\/2024\/12\/ARIELA-HIVE-CDMX-home.webp\" class=\"attachment-large size-large wp-image-4238\" alt=\"Ambiente moderno y sofisticado del restaurante ARIELA en el hotel Hive, Ciudad de M\u00e9xico, con mesas elegantes y un dise\u00f1o \u00fanico.\" srcset=\"https:\/\/hivenapoles.com\/wp-content\/uploads\/2024\/12\/ARIELA-HIVE-CDMX-home.webp 900w, https:\/\/hivenapoles.com\/wp-content\/uploads\/2024\/12\/ARIELA-HIVE-CDMX-home-300x300.webp 300w, https:\/\/hivenapoles.com\/wp-content\/uploads\/2024\/12\/ARIELA-HIVE-CDMX-home-100x100.webp 100w, https:\/\/hivenapoles.com\/wp-content\/uploads\/2024\/12\/ARIELA-HIVE-CDMX-home-600x600.webp 600w, https:\/\/hivenapoles.com\/wp-content\/uploads\/2024\/12\/ARIELA-HIVE-CDMX-home-150x150.webp 150w, https:\/\/hivenapoles.com\/wp-content\/uploads\/2024\/12\/ARIELA-HIVE-CDMX-home-768x768.webp 768w\" sizes=\"(max-width: 900px) 100vw, 900px\" \/>\t\t\t\t\t\t\t\t\t\t\t\t\t\t\t<\/div>\n\t\t\t\t<\/div>\n\t\t\t\t<\/div>\n\t\t\t\t\t<\/div>\n\t\t\t\t<\/div>\n\t\t<div class=\"elementor-element elementor-element-7817328 e-flex e-con-boxed e-con e-parent\" data-id=\"7817328\" data-element_type=\"container\">\n\t\t\t\t\t<div class=\"e-con-inner\">\n\t\t<div class=\"elementor-element elementor-element-dbf8866 e-con-full e-flex e-con e-child\" data-id=\"dbf8866\" data-element_type=\"container\">\n\t\t\t\t<div class=\"elementor-element elementor-element-806ec24 elementor-widget elementor-widget-heading\" data-id=\"806ec24\" data-element_type=\"widget\" data-widget_type=\"heading.default\">\n\t\t\t\t<div class=\"elementor-widget-container\">\n\t\t\t\t\t<h2 class=\"elementor-heading-title elementor-size-default\">EL RINCON  RESTAURANT<\/h2>\t\t\t\t<\/div>\n\t\t\t\t<\/div>\n\t\t\t\t<div class=\"elementor-element elementor-element-824913b elementor-widget elementor-widget-text-editor\" data-id=\"824913b\" data-element_type=\"widget\" data-widget_type=\"text-editor.default\">\n\t\t\t\t<div class=\"elementor-widget-container\">\n\t\t\t\t\t\t\t\t\t<p class=\"translation-block\"><span style=\"font-weight: 400\">We are proud to offer you authentic homemade food <strong>a true treasure in the city<\/strong>, especially known by generations who have made it their favorite place to enjoy <strong>the most genuine flavors of Mexico<\/strong>.<\/span><\/p><p class=\"translation-block\"><span style=\"font-weight: 400\"><strong>Here, the dishes are family stories<\/strong>, recipes passed down from generation to generation, served with the homely touch<strong>that only a restaurant with soul can offer<\/strong>. From the most traditional stews to the appetizers that will make you <strong>feel at home<\/strong>, each bite takes you directly to the roots of our cuisine.<\/span><\/p><p class=\"translation-block\"><span style=\"font-weight: 400\"><strong>El Rinc\u00f3n<\/strong> is not just <strong>a place to eat<\/strong>; It is a piece of history that remains part of the memories of those who seek the <strong>flavor<\/strong> and <strong>warmth<\/strong> of <strong>true Mexican cuisine<\/strong><\/span><\/p>\t\t\t\t\t\t\t\t<\/div>\n\t\t\t\t<\/div>\n\t\t\t\t<\/div>\n\t\t<div class=\"elementor-element elementor-element-28609e5 e-con-full e-flex e-con e-child\" data-id=\"28609e5\" data-element_type=\"container\">\n\t\t\t\t<div class=\"elementor-element elementor-element-7dfa01a elementor-widget elementor-widget-image\" data-id=\"7dfa01a\" data-element_type=\"widget\" data-widget_type=\"image.default\">\n\t\t\t\t<div class=\"elementor-widget-container\">\n\t\t\t\t\t\t\t\t\t\t\t\t\t\t\t<img decoding=\"async\" width=\"900\" height=\"900\" src=\"https:\/\/hivenapoles.com\/wp-content\/uploads\/2025\/01\/EL-RINCON-RESTAURANTE-HIVE-gastronomia.webp\" class=\"attachment-large size-large wp-image-4248\" alt=\"Imagen promocional del restaurante El Rinc\u00f3n en el hotel Hive, Ciudad de M\u00e9xico, mostrando un ambiente acogedor.\" srcset=\"https:\/\/hivenapoles.com\/wp-content\/uploads\/2025\/01\/EL-RINCON-RESTAURANTE-HIVE-gastronomia.webp 900w, https:\/\/hivenapoles.com\/wp-content\/uploads\/2025\/01\/EL-RINCON-RESTAURANTE-HIVE-gastronomia-300x300.webp 300w, https:\/\/hivenapoles.com\/wp-content\/uploads\/2025\/01\/EL-RINCON-RESTAURANTE-HIVE-gastronomia-100x100.webp 100w, https:\/\/hivenapoles.com\/wp-content\/uploads\/2025\/01\/EL-RINCON-RESTAURANTE-HIVE-gastronomia-600x600.webp 600w, https:\/\/hivenapoles.com\/wp-content\/uploads\/2025\/01\/EL-RINCON-RESTAURANTE-HIVE-gastronomia-150x150.webp 150w, https:\/\/hivenapoles.com\/wp-content\/uploads\/2025\/01\/EL-RINCON-RESTAURANTE-HIVE-gastronomia-768x768.webp 768w\" sizes=\"(max-width: 900px) 100vw, 900px\" \/>\t\t\t\t\t\t\t\t\t\t\t\t\t\t\t<\/div>\n\t\t\t\t<\/div>\n\t\t\t\t<\/div>\n\t\t\t\t\t<\/div>\n\t\t\t\t<\/div>\n\t\t\t\t<\/div>","protected":false},"excerpt":{"rendered":"<p>GASTRONOM\u00cdA | Un lugar para disfrutar Sabores que cuentan historias. La gastronom\u00eda en Hive es un viaje en s\u00ed mismo. [&hellip;]<\/p>\n","protected":false},"author":1,"featured_media":0,"parent":0,"menu_order":0,"comment_status":"closed","ping_status":"closed","template":"elementor_header_footer","meta":{"site-sidebar-layout":"no-sidebar","site-content-layout":"","ast-site-content-layout":"full-width-container","site-content-style":"default","site-sidebar-style":"default","ast-global-header-display":"","ast-banner-title-visibility":"","ast-main-header-display":"","ast-hfb-above-header-display":"","ast-hfb-below-header-display":"","ast-hfb-mobile-header-display":"","site-post-title":"disabled","ast-breadcrumbs-content":"","ast-featured-img":"disabled","footer-sml-layout":"","theme-transparent-header-meta":"","adv-header-id-meta":"","stick-header-meta":"","header-above-stick-meta":"","header-main-stick-meta":"","header-below-stick-meta":"","astra-migrate-meta-layouts":"default","ast-page-background-enabled":"default","ast-page-background-meta":{"desktop":{"background-color":"var(--ast-global-color-4)","background-image":"","background-repeat":"repeat","background-position":"center center","background-size":"auto","background-attachment":"scroll","background-type":"","background-media":"","overlay-type":"","overlay-color":"","overlay-opacity":"","overlay-gradient":""},"tablet":{"background-color":"","background-image":"","background-repeat":"repeat","background-position":"center center","background-size":"auto","background-attachment":"scroll","background-type":"","background-media":"","overlay-type":"","overlay-color":"","overlay-opacity":"","overlay-gradient":""},"mobile":{"background-color":"","background-image":"","background-repeat":"repeat","background-position":"center center","background-size":"auto","background-attachment":"scroll","background-type":"","background-media":"","overlay-type":"","overlay-color":"","overlay-opacity":"","overlay-gradient":""}},"ast-content-background-meta":{"desktop":{"background-color":"var(--ast-global-color-5)","background-image":"","background-repeat":"repeat","background-position":"center center","background-size":"auto","background-attachment":"scroll","background-type":"","background-media":"","overlay-type":"","overlay-color":"","overlay-opacity":"","overlay-gradient":""},"tablet":{"background-color":"var(--ast-global-color-5)","background-image":"","background-repeat":"repeat","background-position":"center center","background-size":"auto","background-attachment":"scroll","background-type":"","background-media":"","overlay-type":"","overlay-color":"","overlay-opacity":"","overlay-gradient":""},"mobile":{"background-color":"var(--ast-global-color-5)","background-image":"","background-repeat":"repeat","background-position":"center center","background-size":"auto","background-attachment":"scroll","background-type":"","background-media":"","overlay-type":"","overlay-color":"","overlay-opacity":"","overlay-gradient":""}},"footnotes":""},"class_list":["post-5495","page","type-page","status-publish","hentry"],"_links":{"self":[{"href":"https:\/\/hivenapoles.com\/en\/wp-json\/wp\/v2\/pages\/5495"}],"collection":[{"href":"https:\/\/hivenapoles.com\/en\/wp-json\/wp\/v2\/pages"}],"about":[{"href":"https:\/\/hivenapoles.com\/en\/wp-json\/wp\/v2\/types\/page"}],"author":[{"embeddable":true,"href":"https:\/\/hivenapoles.com\/en\/wp-json\/wp\/v2\/users\/1"}],"replies":[{"embeddable":true,"href":"https:\/\/hivenapoles.com\/en\/wp-json\/wp\/v2\/comments?post=5495"}],"version-history":[{"count":88,"href":"https:\/\/hivenapoles.com\/en\/wp-json\/wp\/v2\/pages\/5495\/revisions"}],"predecessor-version":[{"id":9535,"href":"https:\/\/hivenapoles.com\/en\/wp-json\/wp\/v2\/pages\/5495\/revisions\/9535"}],"wp:attachment":[{"href":"https:\/\/hivenapoles.com\/en\/wp-json\/wp\/v2\/media?parent=5495"}],"curies":[{"name":"wp","href":"https:\/\/api.w.org\/{rel}","templated":true}]}}