{"id":13491,"date":"2026-02-04T01:38:19","date_gmt":"2026-02-04T07:38:19","guid":{"rendered":"https:\/\/hivenapoles.com\/?page_id=13491"},"modified":"2026-03-03T12:50:13","modified_gmt":"2026-03-03T18:50:13","slug":"facturacion","status":"publish","type":"page","link":"https:\/\/hivenapoles.com\/en\/facturacion\/","title":{"rendered":"Billing"},"content":{"rendered":"<style>.elementor-13491 .elementor-element.elementor-element-f464113{--display:flex;--min-height:284px;--flex-direction:column;--container-widget-width:100%;--container-widget-height:initial;--container-widget-flex-grow:0;--container-widget-align-self:initial;--flex-wrap-mobile:wrap;}.elementor-13491 .elementor-element.elementor-element-0a17024{--display:flex;--flex-direction:row;--container-widget-width:initial;--container-widget-height:100%;--container-widget-flex-grow:1;--container-widget-align-self:stretch;--flex-wrap-mobile:wrap;--gap:0px 0px;--row-gap:0px;--column-gap:0px;--padding-top:40px;--padding-bottom:40px;--padding-left:40px;--padding-right:40px;}.elementor-13491 .elementor-element.elementor-element-443ed2b{--display:flex;--flex-direction:column;--container-widget-width:100%;--container-widget-height:initial;--container-widget-flex-grow:0;--container-widget-align-self:initial;--flex-wrap-mobile:wrap;}.elementor-13491 .elementor-element.elementor-element-1399e43{--display:flex;--flex-direction:column;--container-widget-width:100%;--container-widget-height:initial;--container-widget-flex-grow:0;--container-widget-align-self:initial;--flex-wrap-mobile:wrap;}.elementor-13491 .elementor-element.elementor-element-d408ee2 .elementor-button{background-color:#AE1212;transition-duration:1.6s;}.elementor-13491 .elementor-element.elementor-element-d408ee2 .elementor-button:hover, .elementor-13491 .elementor-element.elementor-element-d408ee2 .elementor-button:focus{background-color:transparent;background-image:linear-gradient(180deg, #000000 0%, #07041F 100%);}.elementor-13491 .elementor-element.elementor-element-1ebbd2e{--display:flex;--flex-direction:column;--container-widget-width:100%;--container-widget-height:initial;--container-widget-flex-grow:0;--container-widget-align-self:initial;--flex-wrap-mobile:wrap;}.elementor-13491 .elementor-element.elementor-element-1ebbd2e:not(.elementor-motion-effects-element-type-background), .elementor-13491 .elementor-element.elementor-element-1ebbd2e > .elementor-motion-effects-container > .elementor-motion-effects-layer{background-color:#000000;}@media(min-width:768px){.elementor-13491 .elementor-element.elementor-element-443ed2b{--width:50%;}.elementor-13491 .elementor-element.elementor-element-1399e43{--width:50%;}}<\/style>\t\t<div data-elementor-type=\"wp-page\" data-elementor-id=\"13491\" class=\"elementor elementor-13491\" data-elementor-post-type=\"page\">\n\t\t\t\t<div class=\"elementor-element elementor-element-f464113 e-flex e-con-boxed e-con e-parent\" data-id=\"f464113\" data-element_type=\"container\" data-settings=\"{&quot;background_background&quot;:&quot;slideshow&quot;,&quot;background_slideshow_gallery&quot;:[{&quot;id&quot;:10963,&quot;url&quot;:&quot;https:\\\/\\\/hivenapoles.com\\\/wp-content\\\/uploads\\\/2025\\\/11\\\/19s-1dds.jpg&quot;},{&quot;id&quot;:10925,&quot;url&quot;:&quot;https:\\\/\\\/hivenapoles.com\\\/wp-content\\\/uploads\\\/2025\\\/11\\\/6-1czxcv-banner.jpg&quot;}],&quot;background_slideshow_loop&quot;:&quot;yes&quot;,&quot;background_slideshow_slide_duration&quot;:5000,&quot;background_slideshow_slide_transition&quot;:&quot;fade&quot;,&quot;background_slideshow_transition_duration&quot;:500}\">\n\t\t\t\t\t<div class=\"e-con-inner\">\n\t\t\t\t\t<\/div>\n\t\t\t\t<\/div>\n\t\t<div class=\"elementor-element elementor-element-0a17024 e-flex e-con-boxed e-con e-parent\" data-id=\"0a17024\" data-element_type=\"container\">\n\t\t\t\t\t<div class=\"e-con-inner\">\n\t\t<div class=\"elementor-element elementor-element-443ed2b e-con-full e-flex e-con e-child\" data-id=\"443ed2b\" data-element_type=\"container\">\n\t\t\t\t<div class=\"elementor-element elementor-element-5aaf927 animated-slow elementor-invisible elementor-widget elementor-widget-image\" data-id=\"5aaf927\" data-element_type=\"widget\" data-settings=\"{&quot;_animation&quot;:&quot;fadeInLeft&quot;}\" data-widget_type=\"image.default\">\n\t\t\t\t<div class=\"elementor-widget-container\">\n\t\t\t\t\t\t\t\t\t\t\t\t\t\t\t<img fetchpriority=\"high\" decoding=\"async\" width=\"462\" height=\"463\" src=\"https:\/\/hivenapoles.com\/wp-content\/uploads\/2026\/02\/Fctura-napoles.png\" class=\"attachment-large size-large wp-image-13608\" alt=\"\" srcset=\"https:\/\/hivenapoles.com\/wp-content\/uploads\/2026\/02\/Fctura-napoles.png 462w, https:\/\/hivenapoles.com\/wp-content\/uploads\/2026\/02\/Fctura-napoles-300x300.png 300w, https:\/\/hivenapoles.com\/wp-content\/uploads\/2026\/02\/Fctura-napoles-150x150.png 150w, https:\/\/hivenapoles.com\/wp-content\/uploads\/2026\/02\/Fctura-napoles-12x12.png 12w\" sizes=\"(max-width: 462px) 100vw, 462px\" \/>\t\t\t\t\t\t\t\t\t\t\t\t\t\t\t<\/div>\n\t\t\t\t<\/div>\n\t\t\t\t<\/div>\n\t\t<div class=\"elementor-element elementor-element-1399e43 e-con-full animated-slow e-flex elementor-invisible e-con e-child\" data-id=\"1399e43\" data-element_type=\"container\" data-settings=\"{&quot;animation&quot;:&quot;fadeInRight&quot;}\">\n\t\t\t\t<div class=\"elementor-element elementor-element-9b421a0 elementor-widget elementor-widget-image\" data-id=\"9b421a0\" data-element_type=\"widget\" data-widget_type=\"image.default\">\n\t\t\t\t<div class=\"elementor-widget-container\">\n\t\t\t\t\t\t\t\t\t\t\t\t\t\t\t<img decoding=\"async\" width=\"150\" height=\"150\" src=\"https:\/\/hivenapoles.com\/wp-content\/uploads\/2025\/02\/G-hotels-logo-300x300-1-150x150.png\" class=\"attachment-thumbnail size-thumbnail wp-image-5165\" alt=\"\" srcset=\"https:\/\/hivenapoles.com\/wp-content\/uploads\/2025\/02\/G-hotels-logo-300x300-1-150x150.png 150w, https:\/\/hivenapoles.com\/wp-content\/uploads\/2025\/02\/G-hotels-logo-300x300-1-300x300.png 300w, https:\/\/hivenapoles.com\/wp-content\/uploads\/2025\/02\/G-hotels-logo-300x300-1-1024x1024.png 1024w, https:\/\/hivenapoles.com\/wp-content\/uploads\/2025\/02\/G-hotels-logo-300x300-1-768x768.png 768w, https:\/\/hivenapoles.com\/wp-content\/uploads\/2025\/02\/G-hotels-logo-300x300-1-12x12.png 12w, https:\/\/hivenapoles.com\/wp-content\/uploads\/2025\/02\/G-hotels-logo-300x300-1-600x600.png 600w, https:\/\/hivenapoles.com\/wp-content\/uploads\/2025\/02\/G-hotels-logo-300x300-1-100x100.png 100w, https:\/\/hivenapoles.com\/wp-content\/uploads\/2025\/02\/G-hotels-logo-300x300-1.png 1200w\" sizes=\"(max-width: 150px) 100vw, 150px\" \/>\t\t\t\t\t\t\t\t\t\t\t\t\t\t\t<\/div>\n\t\t\t\t<\/div>\n\t\t\t\t<div class=\"elementor-element elementor-element-859fcc8 elementor-widget elementor-widget-text-editor\" data-id=\"859fcc8\" data-element_type=\"widget\" data-widget_type=\"text-editor.default\">\n\t\t\t\t<div class=\"elementor-widget-container\">\n\t\t\t\t\t\t\t\t\t<p><b>Tramita tu factura con nuestro portal de auto-facturaci\u00f3n, es f\u00e1cil y r\u00e1pido.<\/b><\/p><p>1. Ingresa el n\u00famero de folio de tu reservaci\u00f3n.<\/p><p>2-Agrega el correo con el que te registraste.<\/p><p>3. Posteriormente llena tus datos fiscales, cuida que todo este bien escrito y sin errores.<\/p>\t\t\t\t\t\t\t\t<\/div>\n\t\t\t\t<\/div>\n\t\t\t\t<div class=\"elementor-element elementor-element-d408ee2 elementor-align-center animated-slow elementor-invisible elementor-widget elementor-widget-button\" data-id=\"d408ee2\" data-element_type=\"widget\" data-settings=\"{&quot;_animation&quot;:&quot;fadeInUp&quot;}\" data-widget_type=\"button.default\">\n\t\t\t\t<div class=\"elementor-widget-container\">\n\t\t\t\t\t\t\t\t\t<div class=\"elementor-button-wrapper\">\n\t\t\t\t\t<a class=\"elementor-button elementor-button-link elementor-size-sm elementor-animation-pulse\" href=\"https:\/\/hivenapoles-guestreq.arpon.com\/?HotelId=2c781cf3017a443c8c427caa8847a949\" target=\"_blank\" rel=\"noopener\">\n\t\t\t\t\t\t<span class=\"elementor-button-content-wrapper\">\n\t\t\t\t\t\t\t\t\t<span class=\"elementor-button-text\">Ve al portal de facturaci\u00f3n <\/span>\n\t\t\t\t\t<\/span>\n\t\t\t\t\t<\/a>\n\t\t\t\t<\/div>\n\t\t\t\t\t\t\t\t<\/div>\n\t\t\t\t<\/div>\n\t\t\t\t<\/div>\n\t\t\t\t\t<\/div>\n\t\t\t\t<\/div>\n\t\t<div class=\"elementor-element elementor-element-1ebbd2e e-flex e-con-boxed e-con e-parent\" data-id=\"1ebbd2e\" data-element_type=\"container\" data-settings=\"{&quot;background_background&quot;:&quot;classic&quot;}\">\n\t\t\t\t\t<div class=\"e-con-inner\">\n\t\t\t\t<div class=\"elementor-element elementor-element-4f838de elementor-widget elementor-widget-image\" data-id=\"4f838de\" data-element_type=\"widget\" data-widget_type=\"image.default\">\n\t\t\t\t<div class=\"elementor-widget-container\">\n\t\t\t\t\t\t\t\t\t\t\t\t\t\t\t<img decoding=\"async\" width=\"850\" height=\"100\" src=\"https:\/\/hivenapoles.com\/wp-content\/uploads\/2025\/02\/GHotels_Banner_GraciasPorTuReserva.gif\" class=\"attachment-large size-large wp-image-5168\" alt=\"\" \/>\t\t\t\t\t\t\t\t\t\t\t\t\t\t\t<\/div>\n\t\t\t\t<\/div>\n\t\t\t\t\t<\/div>\n\t\t\t\t<\/div>\n\t\t\t\t<\/div>\n\t\t","protected":false},"excerpt":{"rendered":"<p>Tramita tu factura con nuestro portal de auto-facturaci\u00f3n, es f\u00e1cil y r\u00e1pido. 1. Ingresa el n\u00famero de folio de tu [&hellip;]<\/p>\n","protected":false},"author":1,"featured_media":0,"parent":0,"menu_order":0,"comment_status":"closed","ping_status":"closed","template":"","meta":{"site-sidebar-layout":"no-sidebar","site-content-layout":"","ast-site-content-layout":"full-width-container","site-content-style":"default","site-sidebar-style":"default","ast-global-header-display":"","ast-banner-title-visibility":"","ast-main-header-display":"","ast-hfb-above-header-display":"","ast-hfb-below-header-display":"","ast-hfb-mobile-header-display":"","site-post-title":"disabled","ast-breadcrumbs-content":"","ast-featured-img":"disabled","footer-sml-layout":"","theme-transparent-header-meta":"","adv-header-id-meta":"","stick-header-meta":"","header-above-stick-meta":"","header-main-stick-meta":"","header-below-stick-meta":"","astra-migrate-meta-layouts":"default","ast-page-background-enabled":"default","ast-page-background-meta":{"desktop":{"background-color":"var(--ast-global-color-4)","background-image":"","background-repeat":"repeat","background-position":"center center","background-size":"auto","background-attachment":"scroll","background-type":"","background-media":"","overlay-type":"","overlay-color":"","overlay-opacity":"","overlay-gradient":""},"tablet":{"background-color":"","background-image":"","background-repeat":"repeat","background-position":"center center","background-size":"auto","background-attachment":"scroll","background-type":"","background-media":"","overlay-type":"","overlay-color":"","overlay-opacity":"","overlay-gradient":""},"mobile":{"background-color":"","background-image":"","background-repeat":"repeat","background-position":"center center","background-size":"auto","background-attachment":"scroll","background-type":"","background-media":"","overlay-type":"","overlay-color":"","overlay-opacity":"","overlay-gradient":""}},"ast-content-background-meta":{"desktop":{"background-color":"var(--ast-global-color-5)","background-image":"","background-repeat":"repeat","background-position":"center center","background-size":"auto","background-attachment":"scroll","background-type":"","background-media":"","overlay-type":"","overlay-color":"","overlay-opacity":"","overlay-gradient":""},"tablet":{"background-color":"var(--ast-global-color-5)","background-image":"","background-repeat":"repeat","background-position":"center center","background-size":"auto","background-attachment":"scroll","background-type":"","background-media":"","overlay-type":"","overlay-color":"","overlay-opacity":"","overlay-gradient":""},"mobile":{"background-color":"var(--ast-global-color-5)","background-image":"","background-repeat":"repeat","background-position":"center center","background-size":"auto","background-attachment":"scroll","background-type":"","background-media":"","overlay-type":"","overlay-color":"","overlay-opacity":"","overlay-gradient":""}},"footnotes":""},"class_list":["post-13491","page","type-page","status-publish","hentry"],"_links":{"self":[{"href":"https:\/\/hivenapoles.com\/en\/wp-json\/wp\/v2\/pages\/13491"}],"collection":[{"href":"https:\/\/hivenapoles.com\/en\/wp-json\/wp\/v2\/pages"}],"about":[{"href":"https:\/\/hivenapoles.com\/en\/wp-json\/wp\/v2\/types\/page"}],"author":[{"embeddable":true,"href":"https:\/\/hivenapoles.com\/en\/wp-json\/wp\/v2\/users\/1"}],"replies":[{"embeddable":true,"href":"https:\/\/hivenapoles.com\/en\/wp-json\/wp\/v2\/comments?post=13491"}],"version-history":[{"count":31,"href":"https:\/\/hivenapoles.com\/en\/wp-json\/wp\/v2\/pages\/13491\/revisions"}],"predecessor-version":[{"id":14464,"href":"https:\/\/hivenapoles.com\/en\/wp-json\/wp\/v2\/pages\/13491\/revisions\/14464"}],"wp:attachment":[{"href":"https:\/\/hivenapoles.com\/en\/wp-json\/wp\/v2\/media?parent=13491"}],"curies":[{"name":"wp","href":"https:\/\/api.w.org\/{rel}","templated":true}]}}