{"id":11320,"date":"2025-11-10T10:18:12","date_gmt":"2025-11-10T16:18:12","guid":{"rendered":"https:\/\/hivenapoles.com\/?page_id=11320"},"modified":"2026-04-01T13:40:36","modified_gmt":"2026-04-01T19:40:36","slug":"jazz-wang-perro","status":"publish","type":"page","link":"https:\/\/hivenapoles.com\/en\/jazz-wang-perro\/","title":{"rendered":"Landing Jazz"},"content":{"rendered":"<style>.elementor-11320 .elementor-element.elementor-element-1476ff31{--display:flex;--flex-direction:row;--container-widget-width:initial;--container-widget-height:100%;--container-widget-flex-grow:1;--container-widget-align-self:stretch;--flex-wrap-mobile:wrap;--overlay-opacity:1;--margin-top:-221px;--margin-bottom:0px;--margin-left:0px;--margin-right:0px;--padding-top:208px;--padding-bottom:148px;--padding-left:0px;--padding-right:0px;}.elementor-11320 .elementor-element.elementor-element-1476ff31:not(.elementor-motion-effects-element-type-background), .elementor-11320 .elementor-element.elementor-element-1476ff31 > .elementor-motion-effects-container > .elementor-motion-effects-layer{background-image:url(\"https:\/\/hivenapoles.com\/wp-content\/uploads\/2025\/11\/6-1czxcv-banner-cancun.jpg\");background-position:center center;background-repeat:no-repeat;background-size:cover;}.elementor-11320 .elementor-element.elementor-element-1476ff31::before, .elementor-11320 .elementor-element.elementor-element-1476ff31 > .elementor-background-video-container::before, .elementor-11320 .elementor-element.elementor-element-1476ff31 > .e-con-inner > .elementor-background-video-container::before, .elementor-11320 .elementor-element.elementor-element-1476ff31 > .elementor-background-slideshow::before, .elementor-11320 .elementor-element.elementor-element-1476ff31 > .e-con-inner > .elementor-background-slideshow::before, .elementor-11320 .elementor-element.elementor-element-1476ff31 > .elementor-motion-effects-container > .elementor-motion-effects-layer::before{background-color:transparent;--background-overlay:'';background-image:linear-gradient(180deg, #02121066 0%, #131314 100%);}.elementor-11320 .elementor-element.elementor-element-4324dd74{--display:flex;--padding-top:0px;--padding-bottom:0px;--padding-left:0px;--padding-right:0px;}.elementor-11320 .elementor-element.elementor-element-4324dd74.e-con{--flex-grow:0;--flex-shrink:0;}.elementor-11320 .elementor-element.elementor-element-2a433a51{--display:flex;--align-items:center;--container-widget-width:calc( ( 1 - var( --container-widget-flex-grow ) ) * 100% );}.elementor-11320 .elementor-element.elementor-element-5ba7c53a{--display:flex;--align-items:center;--container-widget-width:calc( ( 1 - var( --container-widget-flex-grow ) ) * 100% );--margin-top:0px;--margin-bottom:13px;--margin-left:0px;--margin-right:0px;--padding-top:0px;--padding-bottom:0px;--padding-left:0px;--padding-right:0px;}.elementor-11320 .elementor-element.elementor-element-36b73413{text-align:center;}.elementor-11320 .elementor-element.elementor-element-36b73413 .elementor-heading-title{font-family:\"Montserrat\", Sans-serif;font-size:3.2em;font-weight:700;color:#FFFFFF;}.elementor-11320 .elementor-element.elementor-element-36a55a2e{--display:flex;--padding-top:0px;--padding-bottom:0px;--padding-left:0px;--padding-right:0px;}.elementor-11320 .elementor-element.elementor-element-1a198837{--display:flex;--padding-top:0px;--padding-bottom:0px;--padding-left:0px;--padding-right:0px;}.elementor-11320 .elementor-element.elementor-element-f006fd0 > .elementor-widget-container{margin:0px 0px 0px 0px;}.elementor-11320 .elementor-element.elementor-element-f006fd0{text-align:center;font-family:\"Montserrat\", Sans-serif;font-weight:400;color:#FFFFFF;}.elementor-11320 .elementor-element.elementor-element-30882989{--display:flex;--flex-direction:row;--container-widget-width:initial;--container-widget-height:100%;--container-widget-flex-grow:1;--container-widget-align-self:stretch;--flex-wrap-mobile:wrap;--gap:0px 0px;--row-gap:0px;--column-gap:0px;--flex-wrap:wrap;--overflow:hidden;--padding-top:90px;--padding-bottom:0px;--padding-left:0px;--padding-right:0px;}.elementor-11320 .elementor-element.elementor-element-30882989:not(.elementor-motion-effects-element-type-background), .elementor-11320 .elementor-element.elementor-element-30882989 > .elementor-motion-effects-container > .elementor-motion-effects-layer{background-color:#FFFFFF;}.elementor-11320 .elementor-element.elementor-element-3abac430{--display:flex;--flex-direction:column;--container-widget-width:100%;--container-widget-height:initial;--container-widget-flex-grow:0;--container-widget-align-self:initial;--flex-wrap-mobile:wrap;}.elementor-11320 .elementor-element.elementor-element-11b54b1 .elementor-wrapper{--video-aspect-ratio:0.5625;}.elementor-11320 .elementor-element.elementor-element-c911e46{--display:flex;--flex-direction:column;--container-widget-width:100%;--container-widget-height:initial;--container-widget-flex-grow:0;--container-widget-align-self:initial;--flex-wrap-mobile:wrap;--justify-content:center;--padding-top:0px;--padding-bottom:150px;--padding-left:84px;--padding-right:0px;}.elementor-11320 .elementor-element.elementor-element-6c4a2078 .elementor-heading-title{text-transform:uppercase;color:#DE1414;}.elementor-11320 .elementor-element.elementor-element-300ab29 .elementor-heading-title{font-size:18px;color:#1C2226;}.elementor-11320 .elementor-element.elementor-element-3510e31d{text-align:justify;font-family:\"Montserrat\", Sans-serif;color:#000000;}.elementor-11320 .elementor-element.elementor-element-5386460c{text-align:justify;font-family:\"Montserrat\", Sans-serif;color:#000000;}.elementor-11320 .elementor-element.elementor-element-1522c2ef{--display:flex;--flex-direction:row;--container-widget-width:initial;--container-widget-height:100%;--container-widget-flex-grow:1;--container-widget-align-self:stretch;--flex-wrap-mobile:wrap;--gap:0px 0px;--row-gap:0px;--column-gap:0px;--flex-wrap:wrap;--padding-top:0px;--padding-bottom:100px;--padding-left:0px;--padding-right:0px;}.elementor-11320 .elementor-element.elementor-element-1522c2ef:not(.elementor-motion-effects-element-type-background), .elementor-11320 .elementor-element.elementor-element-1522c2ef > .elementor-motion-effects-container > .elementor-motion-effects-layer{background-color:#FFFFFF;}.elementor-11320 .elementor-element.elementor-element-64c0893d{--display:flex;--flex-direction:column;--container-widget-width:calc( ( 1 - var( --container-widget-flex-grow ) ) * 100% );--container-widget-height:initial;--container-widget-flex-grow:0;--container-widget-align-self:initial;--flex-wrap-mobile:wrap;--align-items:center;--padding-top:70px;--padding-bottom:0px;--padding-left:0px;--padding-right:0px;}.elementor-11320 .elementor-element.elementor-element-617ac10d{text-align:center;}.elementor-11320 .elementor-element.elementor-element-617ac10d .elementor-heading-title{font-family:\"Raleway\", Sans-serif;font-size:40px;color:#DE1414;}.elementor-11320 .elementor-element.elementor-element-2dd9b5ef > .elementor-widget-container{margin:0px 35px 0px 35px;}.elementor-11320 .elementor-element.elementor-element-2dd9b5ef{text-align:center;font-family:\"Montserrat\", Sans-serif;color:#000000;}body.elementor-page-11320:not(.elementor-motion-effects-element-type-background), body.elementor-page-11320 > .elementor-motion-effects-container > .elementor-motion-effects-layer{background-color:transparent;background-image:linear-gradient(180deg, #EEEEEE 0%, #E7E7E7 100%);}:root{--page-title-display:none;}@media(max-width:1024px){.elementor-11320 .elementor-element.elementor-element-1476ff31{--padding-top:208px;--padding-bottom:148px;--padding-left:30px;--padding-right:30px;}.elementor-11320 .elementor-element.elementor-element-2a433a51{--padding-top:0px;--padding-bottom:0px;--padding-left:0px;--padding-right:0px;}.elementor-11320 .elementor-element.elementor-element-36b73413 .elementor-heading-title{font-size:4.1em;}.elementor-11320 .elementor-element.elementor-element-30882989{--padding-top:75px;--padding-bottom:75px;--padding-left:15px;--padding-right:15px;}.elementor-11320 .elementor-element.elementor-element-c911e46{--padding-top:50px;--padding-bottom:0px;--padding-left:0px;--padding-right:0px;}.elementor-11320 .elementor-element.elementor-element-1522c2ef{--padding-top:75px;--padding-bottom:75px;--padding-left:15px;--padding-right:15px;}.elementor-11320 .elementor-element.elementor-element-64c0893d{--padding-top:50px;--padding-bottom:0px;--padding-left:0px;--padding-right:0px;}}@media(max-width:767px){.elementor-11320 .elementor-element.elementor-element-1476ff31{--padding-top:208px;--padding-bottom:148px;--padding-left:20px;--padding-right:20px;}.elementor-11320 .elementor-element.elementor-element-2a433a51{--margin-top:0px;--margin-bottom:0px;--margin-left:0px;--margin-right:0px;}.elementor-11320 .elementor-element.elementor-element-5ba7c53a{--margin-top:0px;--margin-bottom:0px;--margin-left:0px;--margin-right:0px;--padding-top:0px;--padding-bottom:0px;--padding-left:0px;--padding-right:0px;}.elementor-11320 .elementor-element.elementor-element-5ba7c53a.e-con{--align-self:center;}.elementor-11320 .elementor-element.elementor-element-36b73413 > .elementor-widget-container{margin:0px 0px -55px 0px;padding:0px 0px 0px 0px;}.elementor-11320 .elementor-element.elementor-element-36b73413.elementor-element{--align-self:center;}.elementor-11320 .elementor-element.elementor-element-36b73413 .elementor-heading-title{font-size:2.7em;}.elementor-11320 .elementor-element.elementor-element-36a55a2e{--width:100%;--justify-content:center;--margin-top:34px;--margin-bottom:0px;--margin-left:0px;--margin-right:0px;}.elementor-11320 .elementor-element.elementor-element-4c0c5835{text-align:center;}.elementor-11320 .elementor-element.elementor-element-1a198837{--width:100%;--justify-content:center;--align-items:center;--container-widget-width:calc( ( 1 - var( --container-widget-flex-grow ) ) * 100% );--margin-top:0px;--margin-bottom:0px;--margin-left:0px;--margin-right:0px;--padding-top:0px;--padding-bottom:0px;--padding-left:0px;--padding-right:0px;}.elementor-11320 .elementor-element.elementor-element-1a198837.e-con{--align-self:center;}.elementor-11320 .elementor-element.elementor-element-f006fd0{width:100%;max-width:100%;text-align:center;}.elementor-11320 .elementor-element.elementor-element-f006fd0 > .elementor-widget-container{margin:0px 0px 0px 0px;padding:0px 0px 0px 0px;}.elementor-11320 .elementor-element.elementor-element-f006fd0.elementor-element{--align-self:center;}.elementor-11320 .elementor-element.elementor-element-6c4a2078{text-align:center;}.elementor-11320 .elementor-element.elementor-element-300ab29{text-align:center;}.elementor-11320 .elementor-element.elementor-element-3510e31d > .elementor-widget-container{margin:0px 20px 0px 20px;}.elementor-11320 .elementor-element.elementor-element-5386460c > .elementor-widget-container{margin:0px 20px 0px 20px;}.elementor-11320 .elementor-element.elementor-element-5386460c{text-align:left;}.elementor-11320 .elementor-element.elementor-element-1522c2ef{--margin-top:-70px;--margin-bottom:0px;--margin-left:0px;--margin-right:0px;--padding-top:0px;--padding-bottom:70px;--padding-left:0px;--padding-right:0px;}.elementor-11320 .elementor-element.elementor-element-64c0893d{--padding-top:0px;--padding-bottom:0px;--padding-left:0px;--padding-right:0px;}.elementor-11320 .elementor-element.elementor-element-617ac10d > .elementor-widget-container{margin:35px 15px 0px 15px;padding:0px 0px 0px 0px;}.elementor-11320 .elementor-element.elementor-element-617ac10d .elementor-heading-title{font-size:40px;}.elementor-11320 .elementor-element.elementor-element-2dd9b5ef > .elementor-widget-container{margin:40px 20px 0px 20px;}.elementor-11320 .elementor-element.elementor-element-2dd9b5ef{text-align:center;}}@media(min-width:768px){.elementor-11320 .elementor-element.elementor-element-5ba7c53a{--width:69%;}.elementor-11320 .elementor-element.elementor-element-36a55a2e{--width:31%;}.elementor-11320 .elementor-element.elementor-element-1a198837{--width:100%;}.elementor-11320 .elementor-element.elementor-element-3abac430{--width:50%;}.elementor-11320 .elementor-element.elementor-element-c911e46{--width:50%;}.elementor-11320 .elementor-element.elementor-element-64c0893d{--width:100%;}}@media(max-width:1024px) and (min-width:768px){.elementor-11320 .elementor-element.elementor-element-5ba7c53a{--width:100%;}.elementor-11320 .elementor-element.elementor-element-36a55a2e{--width:44%;}.elementor-11320 .elementor-element.elementor-element-1a198837{--width:75%;}.elementor-11320 .elementor-element.elementor-element-3abac430{--width:100%;}.elementor-11320 .elementor-element.elementor-element-c911e46{--width:100%;}}<\/style>\t\t<div data-elementor-type=\"wp-page\" data-elementor-id=\"11320\" class=\"elementor elementor-11320\" data-elementor-post-type=\"page\">\n\t\t\t\t<div class=\"elementor-element elementor-element-1476ff31 e-flex e-con-boxed e-con e-parent\" data-id=\"1476ff31\" data-element_type=\"container\" data-settings=\"{&quot;background_background&quot;:&quot;classic&quot;}\">\n\t\t\t\t\t<div class=\"e-con-inner\">\n\t\t<div class=\"elementor-element elementor-element-4324dd74 e-con-full e-flex e-con e-child\" data-id=\"4324dd74\" data-element_type=\"container\">\n\t\t<div class=\"elementor-element elementor-element-2a433a51 e-con-full e-flex e-con e-child\" data-id=\"2a433a51\" data-element_type=\"container\">\n\t\t<div class=\"elementor-element elementor-element-5ba7c53a e-con-full e-flex e-con e-child\" data-id=\"5ba7c53a\" data-element_type=\"container\">\n\t\t\t\t<div class=\"elementor-element elementor-element-36b73413 elementor-invisible elementor-widget elementor-widget-heading\" data-id=\"36b73413\" data-element_type=\"widget\" data-settings=\"{&quot;_animation&quot;:&quot;fadeInUp&quot;}\" data-widget_type=\"heading.default\">\n\t\t\t\t<div class=\"elementor-widget-container\">\n\t\t\t\t\t<h1 class=\"elementor-heading-title elementor-size-default\">Jazz Night en Hive N\u00e1poles<\/h1>\t\t\t\t<\/div>\n\t\t\t\t<\/div>\n\t\t\t\t<\/div>\n\t\t<div class=\"elementor-element elementor-element-36a55a2e e-con-full e-flex e-con e-child\" data-id=\"36a55a2e\" data-element_type=\"container\">\n\t\t\t\t<div class=\"elementor-element elementor-element-4c0c5835 elementor-invisible elementor-widget elementor-widget-image\" data-id=\"4c0c5835\" data-element_type=\"widget\" data-settings=\"{&quot;_animation&quot;:&quot;fadeInUp&quot;}\" data-widget_type=\"image.default\">\n\t\t\t\t<div class=\"elementor-widget-container\">\n\t\t\t\t\t\t\t\t\t\t\t\t\t\t\t<img fetchpriority=\"high\" decoding=\"async\" width=\"986\" height=\"62\" src=\"https:\/\/hivenapoles.com\/wp-content\/uploads\/2025\/11\/2-3-redassa.png\" class=\"attachment-large size-large wp-image-10929\" alt=\"\" srcset=\"https:\/\/hivenapoles.com\/wp-content\/uploads\/2025\/11\/2-3-redassa.png 986w, https:\/\/hivenapoles.com\/wp-content\/uploads\/2025\/11\/2-3-redassa-300x19.png 300w, https:\/\/hivenapoles.com\/wp-content\/uploads\/2025\/11\/2-3-redassa-768x48.png 768w, https:\/\/hivenapoles.com\/wp-content\/uploads\/2025\/11\/2-3-redassa-18x1.png 18w\" sizes=\"(max-width: 986px) 100vw, 986px\" \/>\t\t\t\t\t\t\t\t\t\t\t\t\t\t\t<\/div>\n\t\t\t\t<\/div>\n\t\t\t\t<\/div>\n\t\t<div class=\"elementor-element elementor-element-1a198837 e-con-full e-flex e-con e-child\" data-id=\"1a198837\" data-element_type=\"container\">\n\t\t\t\t<div class=\"elementor-element elementor-element-f006fd0 elementor-widget-mobile__width-inherit elementor-invisible elementor-widget elementor-widget-text-editor\" data-id=\"f006fd0\" data-element_type=\"widget\" data-settings=\"{&quot;_animation&quot;:&quot;fadeInUp&quot;}\" data-widget_type=\"text-editor.default\">\n\t\t\t\t<div class=\"elementor-widget-container\">\n\t\t\t\t\t\t\t\t\t<p data-start=\"182\" data-end=\"374\">En Hive N\u00e1poles, te invitamos a vivir una noche inolvidable donde la m\u00fasica toma el protagonismo. Disfruta de una experiencia de jazz en vivo en un ambiente \u00edntimo y sofisticado, dise\u00f1ado para dejarte llevar por el ritmo y la atm\u00f3sfera.<br \/><br \/><strong>Reserva tu lugar y s\u00e9 parte de una velada \u00fanica en la ciudad.<\/strong><\/p>\t\t\t\t\t\t\t\t<\/div>\n\t\t\t\t<\/div>\n\t\t\t\t<\/div>\n\t\t\t\t<\/div>\n\t\t\t\t<\/div>\n\t\t\t\t\t<\/div>\n\t\t\t\t<\/div>\n\t\t<div class=\"elementor-element elementor-element-30882989 e-con-full e-flex e-con e-parent\" data-id=\"30882989\" data-element_type=\"container\" data-settings=\"{&quot;background_background&quot;:&quot;classic&quot;}\">\n\t\t<div class=\"elementor-element elementor-element-3abac430 e-con-full e-flex e-con e-child\" data-id=\"3abac430\" data-element_type=\"container\">\n\t\t\t\t<div class=\"elementor-element elementor-element-11b54b1 elementor-widget elementor-widget-video\" data-id=\"11b54b1\" data-element_type=\"widget\" data-settings=\"{&quot;youtube_url&quot;:&quot;https:\\\/\\\/youtube.com\\\/shorts\\\/xl6hUJtuadM?feature=share&quot;,&quot;autoplay&quot;:&quot;yes&quot;,&quot;play_on_mobile&quot;:&quot;yes&quot;,&quot;mute&quot;:&quot;yes&quot;,&quot;loop&quot;:&quot;yes&quot;,&quot;video_type&quot;:&quot;youtube&quot;}\" data-widget_type=\"video.default\">\n\t\t\t\t<div class=\"elementor-widget-container\">\n\t\t\t\t\t\t\t<div class=\"elementor-wrapper elementor-open-inline\">\n\t\t\t<div class=\"elementor-video\"><\/div>\t\t<\/div>\n\t\t\t\t\t\t<\/div>\n\t\t\t\t<\/div>\n\t\t\t\t<\/div>\n\t\t<div class=\"elementor-element elementor-element-c911e46 e-con-full e-flex e-con e-child\" data-id=\"c911e46\" data-element_type=\"container\">\n\t\t\t\t<div class=\"elementor-element elementor-element-6c4a2078 animated-fast elementor-invisible elementor-widget elementor-widget-heading\" data-id=\"6c4a2078\" data-element_type=\"widget\" data-settings=\"{&quot;_animation&quot;:&quot;fadeInRight&quot;}\" data-widget_type=\"heading.default\">\n\t\t\t\t<div class=\"elementor-widget-container\">\n\t\t\t\t\t<h2 class=\"elementor-heading-title elementor-size-default\">Una noche para<br> sentir el ritmo<\/h2>\t\t\t\t<\/div>\n\t\t\t\t<\/div>\n\t\t\t\t<div class=\"elementor-element elementor-element-300ab29 animated-fast elementor-invisible elementor-widget elementor-widget-heading\" data-id=\"300ab29\" data-element_type=\"widget\" data-settings=\"{&quot;_animation&quot;:&quot;fadeInRight&quot;}\" data-widget_type=\"heading.default\">\n\t\t\t\t<div class=\"elementor-widget-container\">\n\t\t\t\t\t<h2 class=\"elementor-heading-title elementor-size-default\">D\u00e9jate llevar por el ritmo del jazz en una velada \u00edntima, elegante y llena de energ\u00eda.<\/h2>\t\t\t\t<\/div>\n\t\t\t\t<\/div>\n\t\t\t\t<div class=\"elementor-element elementor-element-3510e31d elementor-invisible elementor-widget elementor-widget-text-editor\" data-id=\"3510e31d\" data-element_type=\"widget\" data-settings=\"{&quot;_animation&quot;:&quot;fadeInRight&quot;}\" data-widget_type=\"text-editor.default\">\n\t\t\t\t<div class=\"elementor-widget-container\">\n\t\t\t\t\t\t\t\t\t<p data-start=\"1048\" data-end=\"1231\">En Hive N\u00e1poles, las noches se transforman.<br data-start=\"1104\" data-end=\"1107\" \/>Este viernes, el jazz toma el escenario con una experiencia en vivo que combina m\u00fasica, ambiente y estilo en un mismo lugar.<\/p><p data-start=\"1233\" data-end=\"1377\">Desde el primer acorde, la atm\u00f3sfera se llena de energ\u00eda, creando el escenario perfecto para desconectar de la rutina y conectar con el momento.<\/p>\t\t\t\t\t\t\t\t<\/div>\n\t\t\t\t<\/div>\n\t\t\t\t<div class=\"elementor-element elementor-element-5386460c animated-slow elementor-invisible elementor-widget elementor-widget-text-editor\" data-id=\"5386460c\" data-element_type=\"widget\" data-settings=\"{&quot;_animation&quot;:&quot;fadeInRight&quot;}\" data-widget_type=\"text-editor.default\">\n\t\t\t\t<div class=\"elementor-widget-container\">\n\t\t\t\t\t\t\t\t\t<p data-start=\"194\" data-end=\"484\"><strong>TU EXPERIENCIA INCLUYE<\/strong><\/p><p data-start=\"194\" data-end=\"484\">&#8211;<span style=\"font-style: inherit;\"><span style=\"font-weight: inherit;\">Acceso al evento de jazz en vivo<br \/><\/span>&#8211;<\/span><span style=\"font-size: 1rem;\">Ambiente exclusivo en Hive N\u00e1poles<\/span><br \/><span style=\"font-size: 1rem;\">&#8211;<\/span>Espacio ideal para socializar y disfrutar<span style=\"font-size: 1rem;\"><br \/><\/span><b style=\"font-style: inherit;\"><br \/>Lugar: Plaza Comercial Hive N\u00e1poles<\/b><\/p><p><strong>Fecha: Viernes 17 de Abril<\/strong><\/p><p><b style=\"font-style: inherit;\">Horario: 7:00 pm a 9:00 pm<\/b><\/p>\t\t\t\t\t\t\t\t<\/div>\n\t\t\t\t<\/div>\n\t\t\t\t<\/div>\n\t\t\t\t<\/div>\n\t\t<div class=\"elementor-element elementor-element-1522c2ef e-con-full e-flex e-con e-parent\" data-id=\"1522c2ef\" data-element_type=\"container\" data-settings=\"{&quot;background_background&quot;:&quot;classic&quot;}\">\n\t\t<div class=\"elementor-element elementor-element-64c0893d e-con-full e-flex e-con e-child\" data-id=\"64c0893d\" data-element_type=\"container\">\n\t\t\t\t<div class=\"elementor-element elementor-element-617ac10d elementor-invisible elementor-widget elementor-widget-heading\" data-id=\"617ac10d\" data-element_type=\"widget\" data-settings=\"{&quot;_animation&quot;:&quot;fadeInRight&quot;}\" data-widget_type=\"heading.default\">\n\t\t\t\t<div class=\"elementor-widget-container\">\n\t\t\t\t\t<h2 class=\"elementor-heading-title elementor-size-default\">\u00bfPor qu\u00e9 vivir esta Jazz Night <br>en Plaza  Hive N\u00e1poles?<\/h2>\t\t\t\t<\/div>\n\t\t\t\t<\/div>\n\t\t\t\t<div class=\"elementor-element elementor-element-2dd9b5ef animated-slow elementor-invisible elementor-widget elementor-widget-text-editor\" data-id=\"2dd9b5ef\" data-element_type=\"widget\" data-settings=\"{&quot;_animation&quot;:&quot;fadeInRight&quot;}\" data-widget_type=\"text-editor.default\">\n\t\t\t\t<div class=\"elementor-widget-container\">\n\t\t\t\t\t\t\t\t\t<p data-start=\"237\" data-end=\"492\"><strong>Imagina una noche donde el ritmo del jazz transforma el ambiente y cada espacio cobra vida.<\/strong><br data-start=\"328\" data-end=\"331\" \/>Jazz Night en Plaza Hive N\u00e1poles est\u00e1 dise\u00f1ada para ofrecer una experiencia \u00edntima y sofisticada, en un entorno moderno que combina m\u00fasica, gastronom\u00eda y estilo.<\/p><p data-start=\"494\" data-end=\"653\">Ubicada en el coraz\u00f3n de la ciudad, Plaza Hive N\u00e1poles se convierte en el escenario perfecto para desconectar, disfrutar y dejarte llevar por una velada \u00fanica.<\/p>\t\t\t\t\t\t\t\t<\/div>\n\t\t\t\t<\/div>\n\t\t\t\t<\/div>\n\t\t\t\t<\/div>\n\t\t\t\t<\/div>","protected":false},"excerpt":{"rendered":"<p>Jazz Night en Hive N\u00e1poles En Hive N\u00e1poles, te invitamos a vivir una noche inolvidable donde la m\u00fasica toma el [&hellip;]<\/p>\n","protected":false},"author":7,"featured_media":0,"parent":0,"menu_order":0,"comment_status":"closed","ping_status":"closed","template":"","meta":{"site-sidebar-layout":"no-sidebar","site-content-layout":"","ast-site-content-layout":"full-width-container","site-content-style":"default","site-sidebar-style":"default","ast-global-header-display":"","ast-banner-title-visibility":"","ast-main-header-display":"","ast-hfb-above-header-display":"","ast-hfb-below-header-display":"","ast-hfb-mobile-header-display":"","site-post-title":"disabled","ast-breadcrumbs-content":"","ast-featured-img":"disabled","footer-sml-layout":"","theme-transparent-header-meta":"","adv-header-id-meta":"","stick-header-meta":"","header-above-stick-meta":"","header-main-stick-meta":"","header-below-stick-meta":"","astra-migrate-meta-layouts":"default","ast-page-background-enabled":"default","ast-page-background-meta":{"desktop":{"background-color":"var(--ast-global-color-4)","background-image":"","background-repeat":"repeat","background-position":"center center","background-size":"auto","background-attachment":"scroll","background-type":"","background-media":"","overlay-type":"","overlay-color":"","overlay-opacity":"","overlay-gradient":""},"tablet":{"background-color":"","background-image":"","background-repeat":"repeat","background-position":"center center","background-size":"auto","background-attachment":"scroll","background-type":"","background-media":"","overlay-type":"","overlay-color":"","overlay-opacity":"","overlay-gradient":""},"mobile":{"background-color":"","background-image":"","background-repeat":"repeat","background-position":"center center","background-size":"auto","background-attachment":"scroll","background-type":"","background-media":"","overlay-type":"","overlay-color":"","overlay-opacity":"","overlay-gradient":""}},"ast-content-background-meta":{"desktop":{"background-color":"var(--ast-global-color-5)","background-image":"","background-repeat":"repeat","background-position":"center center","background-size":"auto","background-attachment":"scroll","background-type":"","background-media":"","overlay-type":"","overlay-color":"","overlay-opacity":"","overlay-gradient":""},"tablet":{"background-color":"var(--ast-global-color-5)","background-image":"","background-repeat":"repeat","background-position":"center center","background-size":"auto","background-attachment":"scroll","background-type":"","background-media":"","overlay-type":"","overlay-color":"","overlay-opacity":"","overlay-gradient":""},"mobile":{"background-color":"var(--ast-global-color-5)","background-image":"","background-repeat":"repeat","background-position":"center center","background-size":"auto","background-attachment":"scroll","background-type":"","background-media":"","overlay-type":"","overlay-color":"","overlay-opacity":"","overlay-gradient":""}},"footnotes":""},"class_list":["post-11320","page","type-page","status-publish","hentry"],"_links":{"self":[{"href":"https:\/\/hivenapoles.com\/en\/wp-json\/wp\/v2\/pages\/11320"}],"collection":[{"href":"https:\/\/hivenapoles.com\/en\/wp-json\/wp\/v2\/pages"}],"about":[{"href":"https:\/\/hivenapoles.com\/en\/wp-json\/wp\/v2\/types\/page"}],"author":[{"embeddable":true,"href":"https:\/\/hivenapoles.com\/en\/wp-json\/wp\/v2\/users\/7"}],"replies":[{"embeddable":true,"href":"https:\/\/hivenapoles.com\/en\/wp-json\/wp\/v2\/comments?post=11320"}],"version-history":[{"count":134,"href":"https:\/\/hivenapoles.com\/en\/wp-json\/wp\/v2\/pages\/11320\/revisions"}],"predecessor-version":[{"id":15576,"href":"https:\/\/hivenapoles.com\/en\/wp-json\/wp\/v2\/pages\/11320\/revisions\/15576"}],"wp:attachment":[{"href":"https:\/\/hivenapoles.com\/en\/wp-json\/wp\/v2\/media?parent=11320"}],"curies":[{"name":"wp","href":"https:\/\/api.w.org\/{rel}","templated":true}]}}