{"id":11255,"date":"2025-11-06T23:31:14","date_gmt":"2025-11-07T05:31:14","guid":{"rendered":"https:\/\/hivenapoles.com\/?page_id=11255"},"modified":"2026-04-12T17:19:58","modified_gmt":"2026-04-12T23:19:58","slug":"politicas-de-cancelacion","status":"publish","type":"page","link":"https:\/\/hivenapoles.com\/en\/politicas-de-cancelacion\/","title":{"rendered":"Pol\u00edticas de Cancelaci\u00f3n"},"content":{"rendered":"<style>.elementor-11255 .elementor-element.elementor-element-75c443ca{--display:flex;--flex-direction:row;--container-widget-width:calc( ( 1 - var( --container-widget-flex-grow ) ) * 100% );--container-widget-height:100%;--container-widget-flex-grow:1;--container-widget-align-self:stretch;--flex-wrap-mobile:wrap;--align-items:stretch;--gap:10px 10px;--row-gap:10px;--column-gap:10px;--overlay-opacity:0.4;--margin-top:-227px;--margin-bottom:0px;--margin-left:0px;--margin-right:0px;--padding-top:150px;--padding-bottom:150px;--padding-left:0px;--padding-right:0px;}.elementor-11255 .elementor-element.elementor-element-75c443ca:not(.elementor-motion-effects-element-type-background), .elementor-11255 .elementor-element.elementor-element-75c443ca > .elementor-motion-effects-container > .elementor-motion-effects-layer{background-image:url(\"https:\/\/hivenapoles.com\/wp-content\/uploads\/2025\/11\/6-1czxcv-banner.jpg\");background-position:center center;background-repeat:no-repeat;background-size:cover;}.elementor-11255 .elementor-element.elementor-element-75c443ca::before, .elementor-11255 .elementor-element.elementor-element-75c443ca > .elementor-background-video-container::before, .elementor-11255 .elementor-element.elementor-element-75c443ca > .e-con-inner > .elementor-background-video-container::before, .elementor-11255 .elementor-element.elementor-element-75c443ca > .elementor-background-slideshow::before, .elementor-11255 .elementor-element.elementor-element-75c443ca > .e-con-inner > .elementor-background-slideshow::before, .elementor-11255 .elementor-element.elementor-element-75c443ca > .elementor-motion-effects-container > .elementor-motion-effects-layer::before{background-color:#000000;--background-overlay:'';}.elementor-11255 .elementor-element.elementor-element-1e31f29e{--display:flex;--margin-top:65px;--margin-bottom:27px;--margin-left:3px;--margin-right:-1px;--padding-top:0%;--padding-bottom:0%;--padding-left:0%;--padding-right:0%;}.elementor-11255 .elementor-element.elementor-element-1424dfc0 > .elementor-widget-container{margin:0px 0px 0px 0px;}.elementor-11255 .elementor-element.elementor-element-1424dfc0 .elementor-heading-title{font-family:\"Montserrat\", Sans-serif;font-size:50px;font-weight:600;color:#FFFFFF;}.elementor-11255 .elementor-element.elementor-element-5b414f17{--display:flex;--flex-direction:column;--container-widget-width:100%;--container-widget-height:initial;--container-widget-flex-grow:0;--container-widget-align-self:initial;--flex-wrap-mobile:wrap;--margin-top:0px;--margin-bottom:50px;--margin-left:0px;--margin-right:0px;--padding-top:0px;--padding-bottom:0px;--padding-left:0px;--padding-right:0px;}.elementor-11255 .elementor-element.elementor-element-5fe3fec2 > .elementor-widget-container{margin:70px 30px 80px 30px;}.elementor-11255 .elementor-element.elementor-element-5fe3fec2{text-align:justify;}.elementor-11255 .elementor-element.elementor-element-5fe3fec2 .elementor-heading-title{font-family:\"Montserrat\", Sans-serif;font-size:19px;font-weight:500;color:#000000;}body.elementor-page-11255:not(.elementor-motion-effects-element-type-background), body.elementor-page-11255 > .elementor-motion-effects-container > .elementor-motion-effects-layer{background-color:transparent;background-image:linear-gradient(180deg, #EEEEEE 0%, #E7E7E7 100%);}@media(max-width:1024px){.elementor-11255 .elementor-element.elementor-element-75c443ca{--padding-top:80px;--padding-bottom:80px;--padding-left:20px;--padding-right:20px;}}@media(max-width:767px){.elementor-11255 .elementor-element.elementor-element-75c443ca{--margin-top:-185px;--margin-bottom:0px;--margin-left:0px;--margin-right:0px;--padding-top:130px;--padding-bottom:40px;--padding-left:20px;--padding-right:20px;}.elementor-11255 .elementor-element.elementor-element-1424dfc0 > .elementor-widget-container{margin:6% 0% 0% 0%;}.elementor-11255 .elementor-element.elementor-element-1424dfc0 .elementor-heading-title{font-size:30px;}}<\/style>\t\t<div data-elementor-type=\"wp-page\" data-elementor-id=\"11255\" class=\"elementor elementor-11255\" data-elementor-post-type=\"page\">\n\t\t\t\t<div class=\"elementor-element elementor-element-75c443ca e-flex e-con-boxed elementor-invisible e-con e-parent\" data-id=\"75c443ca\" data-element_type=\"container\" data-settings=\"{&quot;background_background&quot;:&quot;classic&quot;,&quot;animation&quot;:&quot;fadeIn&quot;}\">\n\t\t\t\t\t<div class=\"e-con-inner\">\n\t\t<div class=\"elementor-element elementor-element-1e31f29e e-con-full e-flex e-con e-child\" data-id=\"1e31f29e\" data-element_type=\"container\">\n\t\t\t\t<div class=\"elementor-element elementor-element-1424dfc0 elementor-invisible elementor-widget elementor-widget-heading\" data-id=\"1424dfc0\" data-element_type=\"widget\" data-settings=\"{&quot;_animation&quot;:&quot;fadeInUp&quot;}\" data-widget_type=\"heading.default\">\n\t\t\t\t<div class=\"elementor-widget-container\">\n\t\t\t\t\t<h1 class=\"elementor-heading-title elementor-size-default\">Cancellation policies<\/h1>\t\t\t\t<\/div>\n\t\t\t\t<\/div>\n\t\t\t\t<\/div>\n\t\t\t\t\t<\/div>\n\t\t\t\t<\/div>\n\t\t<div class=\"elementor-element elementor-element-5b414f17 e-flex e-con-boxed e-con e-parent\" data-id=\"5b414f17\" data-element_type=\"container\">\n\t\t\t\t\t<div class=\"e-con-inner\">\n\t\t\t\t<div class=\"elementor-element elementor-element-5fe3fec2 elementor-widget elementor-widget-heading\" data-id=\"5fe3fec2\" data-element_type=\"widget\" data-widget_type=\"heading.default\">\n\t\t\t\t<div class=\"elementor-widget-container\">\n\t\t\t\t\t<h2 class=\"elementor-heading-title elementor-size-default\">To receive a full refund, including taxes, guests must cancel within 48 hours of booking, and the cancellation must be made at least 14 days prior to arrival.<br><br>\nIf they cancel 14 days or more before arrival, but not within 48 hours of booking, they will receive a 50% refund, including full taxes, and you will receive payment for 50% of all nights.<br><br>\nIf they cancel between 7 and 14 days before arrival, they will receive a 50% refund, including full taxes, and you will receive payment for 50% of all nights.<br>\nIf you do so after that deadline, you will receive a refund of the prorated taxes, and full payment will be received for all nights.<\/h2>\t\t\t\t<\/div>\n\t\t\t\t<\/div>\n\t\t\t\t\t<\/div>\n\t\t\t\t<\/div>\n\t\t\t\t<\/div>","protected":false},"excerpt":{"rendered":"<p>Pol\u00edticas de cancelaci\u00f3n Pol\u00edtica de cancelaci\u00f3n: Para recibir un reembolso completo, incluidos los impuestos, los hu\u00e9spedes deben cancelar dentro de [&hellip;]<\/p>\n","protected":false},"author":7,"featured_media":0,"parent":0,"menu_order":0,"comment_status":"closed","ping_status":"closed","template":"","meta":{"site-sidebar-layout":"no-sidebar","site-content-layout":"","ast-site-content-layout":"full-width-container","site-content-style":"default","site-sidebar-style":"default","ast-global-header-display":"","ast-banner-title-visibility":"","ast-main-header-display":"","ast-hfb-above-header-display":"","ast-hfb-below-header-display":"","ast-hfb-mobile-header-display":"","site-post-title":"disabled","ast-breadcrumbs-content":"","ast-featured-img":"disabled","footer-sml-layout":"","theme-transparent-header-meta":"","adv-header-id-meta":"","stick-header-meta":"","header-above-stick-meta":"","header-main-stick-meta":"","header-below-stick-meta":"","astra-migrate-meta-layouts":"default","ast-page-background-enabled":"default","ast-page-background-meta":{"desktop":{"background-color":"var(--ast-global-color-4)","background-image":"","background-repeat":"repeat","background-position":"center center","background-size":"auto","background-attachment":"scroll","background-type":"","background-media":"","overlay-type":"","overlay-color":"","overlay-opacity":"","overlay-gradient":""},"tablet":{"background-color":"","background-image":"","background-repeat":"repeat","background-position":"center center","background-size":"auto","background-attachment":"scroll","background-type":"","background-media":"","overlay-type":"","overlay-color":"","overlay-opacity":"","overlay-gradient":""},"mobile":{"background-color":"","background-image":"","background-repeat":"repeat","background-position":"center center","background-size":"auto","background-attachment":"scroll","background-type":"","background-media":"","overlay-type":"","overlay-color":"","overlay-opacity":"","overlay-gradient":""}},"ast-content-background-meta":{"desktop":{"background-color":"var(--ast-global-color-5)","background-image":"","background-repeat":"repeat","background-position":"center center","background-size":"auto","background-attachment":"scroll","background-type":"","background-media":"","overlay-type":"","overlay-color":"","overlay-opacity":"","overlay-gradient":""},"tablet":{"background-color":"var(--ast-global-color-5)","background-image":"","background-repeat":"repeat","background-position":"center center","background-size":"auto","background-attachment":"scroll","background-type":"","background-media":"","overlay-type":"","overlay-color":"","overlay-opacity":"","overlay-gradient":""},"mobile":{"background-color":"var(--ast-global-color-5)","background-image":"","background-repeat":"repeat","background-position":"center center","background-size":"auto","background-attachment":"scroll","background-type":"","background-media":"","overlay-type":"","overlay-color":"","overlay-opacity":"","overlay-gradient":""}},"footnotes":""},"class_list":["post-11255","page","type-page","status-publish","hentry"],"_links":{"self":[{"href":"https:\/\/hivenapoles.com\/en\/wp-json\/wp\/v2\/pages\/11255"}],"collection":[{"href":"https:\/\/hivenapoles.com\/en\/wp-json\/wp\/v2\/pages"}],"about":[{"href":"https:\/\/hivenapoles.com\/en\/wp-json\/wp\/v2\/types\/page"}],"author":[{"embeddable":true,"href":"https:\/\/hivenapoles.com\/en\/wp-json\/wp\/v2\/users\/7"}],"replies":[{"embeddable":true,"href":"https:\/\/hivenapoles.com\/en\/wp-json\/wp\/v2\/comments?post=11255"}],"version-history":[{"count":14,"href":"https:\/\/hivenapoles.com\/en\/wp-json\/wp\/v2\/pages\/11255\/revisions"}],"predecessor-version":[{"id":16187,"href":"https:\/\/hivenapoles.com\/en\/wp-json\/wp\/v2\/pages\/11255\/revisions\/16187"}],"wp:attachment":[{"href":"https:\/\/hivenapoles.com\/en\/wp-json\/wp\/v2\/media?parent=11255"}],"curies":[{"name":"wp","href":"https:\/\/api.w.org\/{rel}","templated":true}]}}