{"id":10114,"date":"2025-10-03T17:44:23","date_gmt":"2025-10-03T23:44:23","guid":{"rendered":"https:\/\/hivenapoles.com\/?page_id=10114"},"modified":"2025-10-09T09:42:57","modified_gmt":"2025-10-09T15:42:57","slug":"congreso-angelman","status":"publish","type":"page","link":"https:\/\/hivenapoles.com\/en\/congreso-angelman\/","title":{"rendered":"Congreso Angelman"},"content":{"rendered":"<style>.elementor-10114 .elementor-element.elementor-element-5147040{--display:flex;--min-height:471px;--flex-direction:column;--container-widget-width:100%;--container-widget-height:initial;--container-widget-flex-grow:0;--container-widget-align-self:initial;--flex-wrap-mobile:wrap;--margin-top:-250px;--margin-bottom:0px;--margin-left:0px;--margin-right:0px;}.elementor-10114 .elementor-element.elementor-element-5147040:not(.elementor-motion-effects-element-type-background), .elementor-10114 .elementor-element.elementor-element-5147040 > .elementor-motion-effects-container > .elementor-motion-effects-layer{background:url(\"https:\/\/hivenapoles.com\/wp-content\/uploads\/2025\/03\/Terrace-Suite_King_5_11zon-scaled.webp\") 50% 50%;background-size:cover;}.elementor-10114 .elementor-element.elementor-element-b1bcec8{--display:flex;--flex-direction:row;--container-widget-width:initial;--container-widget-height:100%;--container-widget-flex-grow:1;--container-widget-align-self:stretch;--flex-wrap-mobile:wrap;--gap:0px 0px;--row-gap:0px;--column-gap:0px;}.elementor-10114 .elementor-element.elementor-element-7145054{--display:flex;--flex-direction:column;--container-widget-width:100%;--container-widget-height:initial;--container-widget-flex-grow:0;--container-widget-align-self:initial;--flex-wrap-mobile:wrap;}.elementor-10114 .elementor-element.elementor-element-7145054.e-con{--flex-grow:0;--flex-shrink:0;}.elementor-10114 .elementor-element.elementor-element-99abc02 img{width:100%;}.elementor-10114 .elementor-element.elementor-element-269615c{--display:flex;--flex-direction:column;--container-widget-width:100%;--container-widget-height:initial;--container-widget-flex-grow:0;--container-widget-align-self:initial;--flex-wrap-mobile:wrap;}.elementor-10114 .elementor-element.elementor-element-269615c.e-con{--flex-grow:0;--flex-shrink:0;}.elementor-10114 .elementor-element.elementor-element-aaacf51{text-align:justify;}.elementor-10114 .elementor-element.elementor-element-8472c47{--display:grid;--e-con-grid-template-columns:repeat(2, 1fr);--e-con-grid-template-rows:repeat(1, 1fr);--grid-auto-flow:row;}.elementor-10114 .elementor-element.elementor-element-d11d47d{width:100%;max-width:100%;}.elementor-10114 .elementor-element.elementor-element-d11d47d > .elementor-widget-container{margin:0px 0px 0px 0px;padding:30px 30px 30px 30px;border-style:solid;border-color:#141548;border-radius:20px 20px 20px 20px;}.elementor-10114 .elementor-element.elementor-element-fe1ec96{--display:flex;--flex-direction:column;--container-widget-width:100%;--container-widget-height:initial;--container-widget-flex-grow:0;--container-widget-align-self:initial;--flex-wrap-mobile:wrap;}.elementor-10114 .elementor-element.elementor-element-b990e5f{--divider-border-style:solid;--divider-color:#000;--divider-border-width:1px;}.elementor-10114 .elementor-element.elementor-element-b990e5f .elementor-divider-separator{width:68%;margin:0 auto;margin-center:0;}.elementor-10114 .elementor-element.elementor-element-b990e5f .elementor-divider{text-align:center;padding-block-start:15px;padding-block-end:15px;}.elementor-10114 .elementor-element.elementor-element-d937e06{--display:flex;--flex-direction:column;--container-widget-width:100%;--container-widget-height:initial;--container-widget-flex-grow:0;--container-widget-align-self:initial;--flex-wrap-mobile:wrap;}.elementor-10114 .elementor-element.elementor-element-04894dd{--display:flex;--flex-direction:column;--container-widget-width:100%;--container-widget-height:initial;--container-widget-flex-grow:0;--container-widget-align-self:initial;--flex-wrap-mobile:wrap;}.elementor-10114 .elementor-element.elementor-element-04894dd:not(.elementor-motion-effects-element-type-background), .elementor-10114 .elementor-element.elementor-element-04894dd > .elementor-motion-effects-container > .elementor-motion-effects-layer{background-color:#303D51;}.elementor-10114 .elementor-element.elementor-element-e12dbeb{--display:flex;--flex-direction:column;--container-widget-width:calc( ( 1 - var( --container-widget-flex-grow ) ) * 100% );--container-widget-height:initial;--container-widget-flex-grow:0;--container-widget-align-self:initial;--flex-wrap-mobile:wrap;--align-items:center;--margin-top:0em;--margin-bottom:0em;--margin-left:0em;--margin-right:0em;--padding-top:0px;--padding-bottom:0px;--padding-left:0px;--padding-right:0px;--z-index:999;}.elementor-10114 .elementor-element.elementor-element-e12dbeb:not(.elementor-motion-effects-element-type-background), .elementor-10114 .elementor-element.elementor-element-e12dbeb > .elementor-motion-effects-container > .elementor-motion-effects-layer{background-color:#303D51;}.elementor-10114 .elementor-element.elementor-element-e12dbeb.e-con{--align-self:center;--flex-grow:1;--flex-shrink:0;}.elementor-10114 .elementor-element.elementor-element-3bf7b92 > .elementor-widget-container{padding:50px 50px 50px 50px;}.elementor-10114 .elementor-element.elementor-element-3bf7b92 .elementor-heading-title{font-weight:300;color:#8D8D8D;}.elementor-10114 .elementor-element.elementor-element-dd8d7c0 .elementor-widget-container{--e-transform-origin-x:center;--e-transform-origin-y:center;}.elementor-10114 .elementor-element.elementor-element-dd8d7c0 > .elementor-widget-container{border-style:none;}.elementor-10114 .elementor-element.elementor-element-1b5ad5f{width:auto;max-width:auto;}.elementor-10114 .elementor-element.elementor-element-1b5ad5f > .elementor-widget-container{padding:61px 61px 61px 61px;}.elementor-10114 .elementor-element.elementor-element-1b5ad5f img{width:74%;}.elementor-10114 .elementor-element.elementor-element-0cbae65{--display:flex;}.elementor-10114 .elementor-element.elementor-element-7846bd8{text-align:center;}.elementor-10114 .elementor-element.elementor-element-a2fc99c{--display:flex;--min-height:283px;--flex-direction:column;--container-widget-width:100%;--container-widget-height:initial;--container-widget-flex-grow:0;--container-widget-align-self:initial;--flex-wrap-mobile:wrap;}.elementor-10114 .elementor-element.elementor-element-a2fc99c:not(.elementor-motion-effects-element-type-background), .elementor-10114 .elementor-element.elementor-element-a2fc99c > .elementor-motion-effects-container > .elementor-motion-effects-layer{background-image:url(\"https:\/\/hivenapoles.com\/wp-content\/uploads\/2025\/02\/nuevas-58_11zon-1024x683.webp\");background-position:center center;}@media(max-width:1024px){.elementor-10114 .elementor-element.elementor-element-8472c47{--grid-auto-flow:row;}}@media(min-width:768px){.elementor-10114 .elementor-element.elementor-element-7145054{--width:30%;}.elementor-10114 .elementor-element.elementor-element-269615c{--width:70%;}.elementor-10114 .elementor-element.elementor-element-e12dbeb{--width:100%;}}@media(max-width:767px){.elementor-10114 .elementor-element.elementor-element-8472c47{--e-con-grid-template-columns:repeat(1, 1fr);--e-con-grid-template-rows:repeat(1, 1fr);--grid-auto-flow:row;}.elementor-10114 .elementor-element.elementor-element-e12dbeb{--padding-top:55px;--padding-bottom:60px;--padding-left:35px;--padding-right:35px;}.elementor-10114 .elementor-element.elementor-element-3bf7b92 > .elementor-widget-container{padding:30px 0px 0px 0px;}.elementor-10114 .elementor-element.elementor-element-3bf7b92{text-align:center;}.elementor-10114 .elementor-element.elementor-element-dd8d7c0 > .elementor-widget-container{padding:30px 0px 90px 0px;}.elementor-10114 .elementor-element.elementor-element-1b5ad5f > .elementor-widget-container{padding:0px 0px 40px 0px;}}<\/style>\t\t<div data-elementor-type=\"wp-page\" data-elementor-id=\"10114\" class=\"elementor elementor-10114\" data-elementor-post-type=\"page\">\n\t\t\t\t<div class=\"elementor-element elementor-element-5147040 e-flex e-con-boxed e-con e-parent\" data-id=\"5147040\" data-element_type=\"container\" data-settings=\"{&quot;background_background&quot;:&quot;video&quot;,&quot;background_video_link&quot;:&quot;https:\\\/\\\/www.youtube.com\\\/watch?v=FwztFnnqX3I&quot;,&quot;background_video_start&quot;:10,&quot;background_video_end&quot;:27}\">\n\t\t\t\t\t<div class=\"e-con-inner\">\n\t\t<div class=\"elementor-background-video-container elementor-hidden-mobile\">\n\t\t\t\t\t\t\t<div class=\"elementor-background-video-embed\"><\/div>\n\t\t\t\t\t\t<\/div>\t\t\t<\/div>\n\t\t\t\t<\/div>\n\t\t<div class=\"elementor-element elementor-element-b1bcec8 e-flex e-con-boxed e-con e-parent\" data-id=\"b1bcec8\" data-element_type=\"container\">\n\t\t\t\t\t<div class=\"e-con-inner\">\n\t\t<div class=\"elementor-element elementor-element-7145054 e-con-full e-flex e-con e-child\" data-id=\"7145054\" data-element_type=\"container\">\n\t\t\t\t<div class=\"elementor-element elementor-element-99abc02 elementor-widget elementor-widget-image\" data-id=\"99abc02\" data-element_type=\"widget\" data-widget_type=\"image.default\">\n\t\t\t\t<div class=\"elementor-widget-container\">\n\t\t\t\t\t\t\t\t\t\t\t\t\t\t\t<img fetchpriority=\"high\" decoding=\"async\" width=\"1024\" height=\"528\" src=\"https:\/\/hivenapoles.com\/wp-content\/uploads\/2025\/02\/hive-home-1024x528.png\" class=\"attachment-large size-large wp-image-5685\" alt=\"\" srcset=\"https:\/\/hivenapoles.com\/wp-content\/uploads\/2025\/02\/hive-home-1024x528.png 1024w, https:\/\/hivenapoles.com\/wp-content\/uploads\/2025\/02\/hive-home-300x155.png 300w, https:\/\/hivenapoles.com\/wp-content\/uploads\/2025\/02\/hive-home-768x396.png 768w, https:\/\/hivenapoles.com\/wp-content\/uploads\/2025\/02\/hive-home-18x9.png 18w, https:\/\/hivenapoles.com\/wp-content\/uploads\/2025\/02\/hive-home-600x309.png 600w, https:\/\/hivenapoles.com\/wp-content\/uploads\/2025\/02\/hive-home.png 1222w\" sizes=\"(max-width: 1024px) 100vw, 1024px\" \/>\t\t\t\t\t\t\t\t\t\t\t\t\t\t\t<\/div>\n\t\t\t\t<\/div>\n\t\t\t\t<\/div>\n\t\t<div class=\"elementor-element elementor-element-269615c e-con-full e-flex e-con e-child\" data-id=\"269615c\" data-element_type=\"container\">\n\t\t\t\t<div class=\"elementor-element elementor-element-aaacf51 elementor-widget elementor-widget-text-editor\" data-id=\"aaacf51\" data-element_type=\"widget\" data-widget_type=\"text-editor.default\">\n\t\t\t\t<div class=\"elementor-widget-container\">\n\t\t\t\t\t\t\t\t\t<p><strong>Bienvenidos al Hotel HIVE N\u00c1POLES \u2013 Su Hospedaje Oficial para el II Congreso del S\u00edndrome de Angelman<\/strong><\/p><p data-start=\"158\" data-end=\"367\">Nos sentimos honrados de recibir a los participantes del II Congreso del S\u00edndrome de Angelman, que se llevar\u00e1 a cabo los d\u00edas <strong data-start=\"284\" data-end=\"319\">30 de abril y 1 de mayo de 2026<\/strong>, en el <strong data-start=\"327\" data-end=\"366\">World Trade Center Ciudad de M\u00e9xico<\/strong>.<\/p>\t\t\t\t\t\t\t\t<\/div>\n\t\t\t\t<\/div>\n\t\t\t\t<\/div>\n\t\t\t\t\t<\/div>\n\t\t\t\t<\/div>\n\t\t<div class=\"elementor-element elementor-element-8472c47 e-grid e-con-boxed e-con e-parent\" data-id=\"8472c47\" data-element_type=\"container\">\n\t\t\t\t\t<div class=\"e-con-inner\">\n\t\t\t\t<div class=\"elementor-element elementor-element-28f2b89 elementor-widget elementor-widget-image\" data-id=\"28f2b89\" data-element_type=\"widget\" data-widget_type=\"image.default\">\n\t\t\t\t<div class=\"elementor-widget-container\">\n\t\t\t\t\t\t\t\t\t\t\t\t\t\t\t<img decoding=\"async\" src=\"https:\/\/hivenapoles.com\/wp-content\/uploads\/elementor\/thumbs\/plate-of-chicken-with-noodles-and-beans-WZWH5WWaxassda-rcl25mutaw2krdlpgcf7c07mr5t1nrk2lo3t6ry0e4.jpg\" title=\"plate-of-chicken-with-noodles-and-beans-WZWH5WWaxassda\" alt=\"plate-of-chicken-with-noodles-and-beans-WZWH5WWaxassda\" loading=\"lazy\" \/>\t\t\t\t\t\t\t\t\t\t\t\t\t\t\t<\/div>\n\t\t\t\t<\/div>\n\t\t\t\t<div class=\"elementor-element elementor-element-d11d47d elementor-widget__width-inherit elementor-widget elementor-widget-text-editor\" data-id=\"d11d47d\" data-element_type=\"widget\" data-widget_type=\"text-editor.default\">\n\t\t\t\t<div class=\"elementor-widget-container\">\n\t\t\t\t\t\t\t\t\t<p>Ubicado a solo unos pasos del WTC, <strong data-start=\"404\" data-end=\"420\">HIVE N\u00c1POLES<\/strong> ofrece comodidad moderna, un servicio excepcional y una ubicaci\u00f3n ideal para su experiencia en el congreso.<\/p><p>Como distinguido(a) invitado(a) del evento, t\u00fa podr\u00e1s disfrutar de:<\/p><ul><li><p><strong>Tarifas especiales<\/strong> exclusivamente para los participantes del congreso.<\/p><\/li><li><p><strong>A pocos metros caminando <\/strong>del World Trade Center<\/p><\/li><li><p>Habitaciones elegantes y c\u00f3modas, dise\u00f1adas tanto para el descanso como para la productividad.<\/p><\/li><li><p>Restaurante y servicios en el hotel para que su estancia sea perfecta.<\/p><\/li><\/ul><p>Asegura tu reservaci\u00f3n hoy mismo y forma parte de este importante evento con la comodidad y conveniencia que mereces.<\/p>\t\t\t\t\t\t\t\t<\/div>\n\t\t\t\t<\/div>\n\t\t\t\t\t<\/div>\n\t\t\t\t<\/div>\n\t\t<div class=\"elementor-element elementor-element-fe1ec96 e-flex e-con-boxed e-con e-parent\" data-id=\"fe1ec96\" data-element_type=\"container\">\n\t\t\t\t\t<div class=\"e-con-inner\">\n\t\t\t\t<div class=\"elementor-element elementor-element-b990e5f elementor-widget-divider--view-line elementor-widget elementor-widget-divider\" data-id=\"b990e5f\" data-element_type=\"widget\" data-widget_type=\"divider.default\">\n\t\t\t\t<div class=\"elementor-widget-container\">\n\t\t\t\t\t\t\t<div class=\"elementor-divider\">\n\t\t\t<span class=\"elementor-divider-separator\">\n\t\t\t\t\t\t<\/span>\n\t\t<\/div>\n\t\t\t\t\t\t<\/div>\n\t\t\t\t<\/div>\n\t\t\t\t\t<\/div>\n\t\t\t\t<\/div>\n\t\t<div class=\"elementor-element elementor-element-d937e06 e-flex e-con-boxed e-con e-parent\" data-id=\"d937e06\" data-element_type=\"container\">\n\t\t\t\t\t<div class=\"e-con-inner\">\n\t\t\t\t<div class=\"elementor-element elementor-element-376878e elementor-widget elementor-widget-image\" data-id=\"376878e\" data-element_type=\"widget\" data-widget_type=\"image.default\">\n\t\t\t\t<div class=\"elementor-widget-container\">\n\t\t\t\t\t\t\t\t\t\t\t\t\t\t\t<img decoding=\"async\" src=\"https:\/\/hivenapoles.com\/wp-content\/uploads\/2025\/10\/c035b080-602b-4a5b-945e-7c5619382fd7.jpg\" title=\"\" alt=\"\" loading=\"lazy\" \/>\t\t\t\t\t\t\t\t\t\t\t\t\t\t\t<\/div>\n\t\t\t\t<\/div>\n\t\t\t\t\t<\/div>\n\t\t\t\t<\/div>\n\t\t<div class=\"elementor-element elementor-element-04894dd e-flex e-con-boxed e-con e-parent\" data-id=\"04894dd\" data-element_type=\"container\" data-settings=\"{&quot;background_background&quot;:&quot;classic&quot;}\">\n\t\t\t\t\t<div class=\"e-con-inner\">\n\t\t<div class=\"elementor-element elementor-element-e12dbeb e-con-full animated-slow e-flex e-con e-child\" data-id=\"e12dbeb\" data-element_type=\"container\" data-settings=\"{&quot;animation&quot;:&quot;none&quot;,&quot;background_background&quot;:&quot;classic&quot;}\">\n\t\t\t\t<div class=\"elementor-element elementor-element-3bf7b92 animated-slow elementor-invisible elementor-widget elementor-widget-heading\" data-id=\"3bf7b92\" data-element_type=\"widget\" data-settings=\"{&quot;_animation&quot;:&quot;fadeInUp&quot;,&quot;_animation_delay&quot;:800}\" data-widget_type=\"heading.default\">\n\t\t\t\t<div class=\"elementor-widget-container\">\n\t\t\t\t\t<h2 class=\"elementor-heading-title elementor-size-default\"><a href=\"https:\/\/hivenapoles.com\/thank-you\">Ingresa el c\u00f3digo promocional que te proporcionaron <\/a><\/h2>\t\t\t\t<\/div>\n\t\t\t\t<\/div>\n\t\t\t\t<div class=\"elementor-element elementor-element-dd8d7c0 animated-slow elementor-invisible elementor-widget elementor-widget-html\" data-id=\"dd8d7c0\" data-element_type=\"widget\" data-settings=\"{&quot;_animation&quot;:&quot;fadeIn&quot;,&quot;_animation_delay&quot;:800,&quot;_animation_mobile&quot;:&quot;fadeIn&quot;,&quot;motion_fx_motion_fx_scrolling&quot;:&quot;yes&quot;,&quot;motion_fx_scale_effect&quot;:&quot;yes&quot;,&quot;motion_fx_scale_speed&quot;:{&quot;unit&quot;:&quot;px&quot;,&quot;size&quot;:2,&quot;sizes&quot;:[]},&quot;motion_fx_scale_direction&quot;:&quot;out-in&quot;,&quot;motion_fx_scale_range&quot;:{&quot;unit&quot;:&quot;%&quot;,&quot;size&quot;:&quot;&quot;,&quot;sizes&quot;:{&quot;start&quot;:20,&quot;end&quot;:80}},&quot;motion_fx_devices&quot;:[&quot;desktop&quot;,&quot;tablet&quot;,&quot;mobile&quot;]}\" data-widget_type=\"html.default\">\n\t\t\t\t<div class=\"elementor-widget-container\">\n\t\t\t\t\t<div id=\"roi-engine-container\"\r\nclass=\"roi-engine-container\">\r\n<div id=\"roi-engine-loading\" style=\"text-align: center; width: 100%; height: 113px; padding-top: 25px;\">\r\n<img decoding=\"async\" src=\"https:\/\/hivecdmx.backhotelite.com\/roi-widgets\/static\/img\/loading_widget.gif\" width=\"64\"\r\nheight=\"64\"\/>\r\n<\/div>\r\n<\/div>\r\n<script>\r\n(function(r,o,i){\r\nvar h=r.getElementsByTagName(o)[0],e=r.createElement(o);\r\ne.src='https:\/\/hivecdmx.backhotelite.com\/en\/roi-widgets\/engine.js?lang=en';\r\nh.parentNode.insertBefore(e,h);\r\n})(document,'script','');\r\n<\/script>\r\n\r\n\r\n\t\t\t\t<\/div>\n\t\t\t\t<\/div>\n\t\t\t\t<div class=\"elementor-element elementor-element-1b5ad5f elementor-widget__width-auto animated-slow elementor-invisible elementor-widget elementor-widget-image\" data-id=\"1b5ad5f\" data-element_type=\"widget\" data-settings=\"{&quot;_animation&quot;:&quot;fadeIn&quot;,&quot;_animation_mobile&quot;:&quot;fadeIn&quot;,&quot;_animation_delay&quot;:950}\" data-widget_type=\"image.default\">\n\t\t\t\t<div class=\"elementor-widget-container\">\n\t\t\t\t\t\t\t\t\t\t\t\t\t\t\t\t<a href=\"https:\/\/hivenapoles.com\/thank-you\">\n\t\t\t\t\t\t\t<img decoding=\"async\" width=\"721\" height=\"89\" src=\"https:\/\/hivenapoles.com\/wp-content\/uploads\/2025\/08\/TARJETAS.png\" class=\"attachment-full size-full wp-image-8924\" alt=\"\" srcset=\"https:\/\/hivenapoles.com\/wp-content\/uploads\/2025\/08\/TARJETAS.png 721w, https:\/\/hivenapoles.com\/wp-content\/uploads\/2025\/08\/TARJETAS-300x37.png 300w, https:\/\/hivenapoles.com\/wp-content\/uploads\/2025\/08\/TARJETAS-18x2.png 18w\" sizes=\"(max-width: 721px) 100vw, 721px\" \/>\t\t\t\t\t\t\t\t<\/a>\n\t\t\t\t\t\t\t\t\t\t\t\t\t\t\t<\/div>\n\t\t\t\t<\/div>\n\t\t\t\t<\/div>\n\t\t\t\t\t<\/div>\n\t\t\t\t<\/div>\n\t\t<div class=\"elementor-element elementor-element-0cbae65 e-flex e-con-boxed e-con e-parent\" data-id=\"0cbae65\" data-element_type=\"container\">\n\t\t\t\t\t<div class=\"e-con-inner\">\n\t\t\t\t<div class=\"elementor-element elementor-element-7846bd8 elementor-widget elementor-widget-text-editor\" data-id=\"7846bd8\" data-element_type=\"widget\" data-widget_type=\"text-editor.default\">\n\t\t\t\t<div class=\"elementor-widget-container\">\n\t\t\t\t\t\t\t\t\t<p>\ud83d\udc49 <strong>Reserva ahora a trav\u00e9s de nuestra p\u00e1gina web oficial para acceder a nuestra tarifa exclusiva para congresos.<\/strong><\/p><p>Esperamos darte la bienvenida a la Ciudad de M\u00e9xico y ser parte de tu experiencia en el congreso.<\/p><p><br \/><strong>HIVE N\u00c1POLES <\/strong>la estancia perfecta para tu congreso.<\/p>\t\t\t\t\t\t\t\t<\/div>\n\t\t\t\t<\/div>\n\t\t\t\t\t<\/div>\n\t\t\t\t<\/div>\n\t\t<div class=\"elementor-element elementor-element-a2fc99c e-flex e-con-boxed e-con e-parent\" data-id=\"a2fc99c\" data-element_type=\"container\" data-settings=\"{&quot;background_background&quot;:&quot;classic&quot;}\">\n\t\t\t\t\t<div class=\"e-con-inner\">\n\t\t\t\t\t<\/div>\n\t\t\t\t<\/div>\n\t\t\t\t<\/div>\n\t\t","protected":false},"excerpt":{"rendered":"<p>Bienvenidos al Hotel HIVE N\u00c1POLES \u2013 Su Hospedaje Oficial para el II Congreso del S\u00edndrome de Angelman Nos sentimos honrados [&hellip;]<\/p>\n","protected":false},"author":1,"featured_media":0,"parent":0,"menu_order":0,"comment_status":"closed","ping_status":"closed","template":"","meta":{"site-sidebar-layout":"no-sidebar","site-content-layout":"","ast-site-content-layout":"full-width-container","site-content-style":"default","site-sidebar-style":"default","ast-global-header-display":"","ast-banner-title-visibility":"","ast-main-header-display":"","ast-hfb-above-header-display":"","ast-hfb-below-header-display":"","ast-hfb-mobile-header-display":"","site-post-title":"disabled","ast-breadcrumbs-content":"","ast-featured-img":"disabled","footer-sml-layout":"","theme-transparent-header-meta":"","adv-header-id-meta":"","stick-header-meta":"","header-above-stick-meta":"","header-main-stick-meta":"","header-below-stick-meta":"","astra-migrate-meta-layouts":"default","ast-page-background-enabled":"default","ast-page-background-meta":{"desktop":{"background-color":"var(--ast-global-color-4)","background-image":"","background-repeat":"repeat","background-position":"center center","background-size":"auto","background-attachment":"scroll","background-type":"","background-media":"","overlay-type":"","overlay-color":"","overlay-opacity":"","overlay-gradient":""},"tablet":{"background-color":"","background-image":"","background-repeat":"repeat","background-position":"center center","background-size":"auto","background-attachment":"scroll","background-type":"","background-media":"","overlay-type":"","overlay-color":"","overlay-opacity":"","overlay-gradient":""},"mobile":{"background-color":"","background-image":"","background-repeat":"repeat","background-position":"center center","background-size":"auto","background-attachment":"scroll","background-type":"","background-media":"","overlay-type":"","overlay-color":"","overlay-opacity":"","overlay-gradient":""}},"ast-content-background-meta":{"desktop":{"background-color":"var(--ast-global-color-5)","background-image":"","background-repeat":"repeat","background-position":"center center","background-size":"auto","background-attachment":"scroll","background-type":"","background-media":"","overlay-type":"","overlay-color":"","overlay-opacity":"","overlay-gradient":""},"tablet":{"background-color":"var(--ast-global-color-5)","background-image":"","background-repeat":"repeat","background-position":"center center","background-size":"auto","background-attachment":"scroll","background-type":"","background-media":"","overlay-type":"","overlay-color":"","overlay-opacity":"","overlay-gradient":""},"mobile":{"background-color":"var(--ast-global-color-5)","background-image":"","background-repeat":"repeat","background-position":"center center","background-size":"auto","background-attachment":"scroll","background-type":"","background-media":"","overlay-type":"","overlay-color":"","overlay-opacity":"","overlay-gradient":""}},"footnotes":""},"class_list":["post-10114","page","type-page","status-publish","hentry"],"_links":{"self":[{"href":"https:\/\/hivenapoles.com\/en\/wp-json\/wp\/v2\/pages\/10114"}],"collection":[{"href":"https:\/\/hivenapoles.com\/en\/wp-json\/wp\/v2\/pages"}],"about":[{"href":"https:\/\/hivenapoles.com\/en\/wp-json\/wp\/v2\/types\/page"}],"author":[{"embeddable":true,"href":"https:\/\/hivenapoles.com\/en\/wp-json\/wp\/v2\/users\/1"}],"replies":[{"embeddable":true,"href":"https:\/\/hivenapoles.com\/en\/wp-json\/wp\/v2\/comments?post=10114"}],"version-history":[{"count":23,"href":"https:\/\/hivenapoles.com\/en\/wp-json\/wp\/v2\/pages\/10114\/revisions"}],"predecessor-version":[{"id":10195,"href":"https:\/\/hivenapoles.com\/en\/wp-json\/wp\/v2\/pages\/10114\/revisions\/10195"}],"wp:attachment":[{"href":"https:\/\/hivenapoles.com\/en\/wp-json\/wp\/v2\/media?parent=10114"}],"curies":[{"name":"wp","href":"https:\/\/api.w.org\/{rel}","templated":true}]}}